{"id":207,"date":"2023-07-03T15:29:33","date_gmt":"2023-07-03T13:29:33","guid":{"rendered":"https:\/\/sirva.dk\/?page_id=207"},"modified":"2024-03-08T14:08:12","modified_gmt":"2024-03-08T13:08:12","slug":"kontakt","status":"publish","type":"page","link":"https:\/\/sirva.dk\/no\/kontakt","title":{"rendered":"Kontakt"},"content":{"rendered":"\n<div id=\"block_4e87a28de9fd176015e17a10b1561aca\" class=\"block-header alignwide\">\n\t<div class=\"box box--left dark-blue\">\n\t\t\t\t\t<h2>Kontakt<\/h2>\n\t\t\t\t\t\t\t<p class=\"sub-section-heading\">Her finner du alt du trenger for \u00e5 bes\u00f8ke oss, ringe oss, sende oss noen ord via epost eller en prisforesp\u00f8rsel.<\/p>\n\t\t\t\t\t<\/div>\n\t<div class=\"box box--right\">\n\t\t\t\t\t<img loading=\"lazy\" decoding=\"async\" width=\"617\" height=\"400\" src=\"https:\/\/sirva.dk\/content\/2023\/07\/customer-11-617x400.jpg\" class=\"attachment-header size-header\" alt=\"\" srcset=\"https:\/\/sirva.dk\/content\/2023\/07\/customer-11-617x400.jpg 617w, https:\/\/sirva.dk\/content\/2023\/07\/customer-11-300x194.jpg 300w, https:\/\/sirva.dk\/content\/2023\/07\/customer-11-590x382.jpg 590w, https:\/\/sirva.dk\/content\/2023\/07\/customer-11-768x498.jpg 768w, https:\/\/sirva.dk\/content\/2023\/07\/customer-11-1536x995.jpg 1536w, https:\/\/sirva.dk\/content\/2023\/07\/customer-11-2048x1327.jpg 2048w, https:\/\/sirva.dk\/content\/2023\/07\/customer-11-100x65.jpg 100w\" sizes=\"auto, (max-width: 617px) 100vw, 617px\" \/>\t\t\t<\/div>\n<\/div>\n\n\n\n<div id=\"block_80e8ca5dff96444c4af0f1a28929fb6a\" class=\"block-moving-form alignwide\">\n\t<div id=\"hero\" class=\"theme-dark-blue\">\n\t\t<div class=\"image\" style=\"background-image:url(https:\/\/sirva.dk\/content\/2023\/07\/workforce-11.jpg);\"><\/div>\n\t\t\t\t\t<div class=\"overlay\" style=\"background-color: rgba(10,10,10,0.26)\"><\/div>\n\t\t\t\t<div class=\"wrapper\">\n\t\t\t<h3 class=\"hero-subheader\">Vi svarer deg innen 24 timer<\/h3>\n\t\t\t<h2 class=\"hero-header\">Kontakt oss her<\/h2>\n\t\t\t\t\t\t\t\t\t\t\t\t<\/div>\n\t<\/div>\n<\/div>\n\n\n\n<div id=\"block_fa0cdc7a4e50fdb807dcf0aea489f8d6\" class=\"block-map\">\n\n\t\t\n<script src=\"https:\/\/maps.googleapis.com\/maps\/api\/js?key=AIzaSyCBIu60ZZ45mzF0uhg5D0RJ-Tb6d6POmEc&#038;extension=.js\"><\/script> \n<script src=\"https:\/\/cdnjs.cloudflare.com\/ajax\/libs\/gmaps.js\/0.4.25\/gmaps.min.js\"><\/script>\n\n<style>\n\t.mapkit-map {\n\t\theight:364px;\n\t\twidth:100%;\n\t}\n<\/style>\n\n\t<div class=\"map-wrapper\">\n\t\t\t\t\t\t\t\t<div class=\"single-map-wrapper\">\n\t\t\t\t<div class=\"map\">\n\t\t\t\t\t<div id=\"mapkit-map-0\" class=\"mapkit-map\"><\/div>\n\t\t\t\t\t\n\t\t\t\t\t<script type=\"text\/javascript\">\n\t\t\t\t\t\tvar map = new GMaps({\n\t\t\t\t\t\t\tel: '#mapkit-map-0',\n\t\t\t\t\t\t\tlat: 55.6594691,\n\t\t\t\t\t\t\tlng: 12.3955245,\n\t\t\t\t\t\t\tzoomControl: true,\n\t\t\t\t\t\t\tmapTypeControl: false,\n\t\t\t\t\t\t\tstreetViewControl: false,\n\t\t\t\t\t\t\trotateControl: false,\n\t\t\t\t\t\t\tzoom: 16,\n\t\t\t\t\t\t});\n\t\t\t\t\t\n\t\t\t\t\t\tvar marker = map.addMarker({\n\t\t\t\t\t\t\tlat: 55.6594691,\n\t\t\t\t\t\t\tlng: 12.3955245,\n\t\t\t\t\t\t});\n\t\t\t\t\t<\/script>\n\t\t\t\t<\/div>\n\t\t\t\t<div class=\"information\">\n\t\t\t\t\t<h2>Br\u00f8ndby<\/h2>\n\t\t\t\t\t<p>Kirkebjerg Park 9D, 1st Floor<br \/>\r\n2605 Br\u00f8ndby<\/p>\n\t\t\t\t\t<div class=\"contact\">\n\t\t\t\t\t\t<a class=\"email\" href=\"mailto:sales.scandinavia@sirva.com\">sales.scandinavia@sirva.com<\/a>\n\t\t\t\t\t\t<a class=\"phone\" href=\"tel:+45 36 86 00 00\">+45 36 86 00 00<\/a>\n\t\t\t\t\t<\/div>\n\t\t\t\t\t\t\t\t\t\t\t<a class=\"button\" href=\"https:\/\/sirva.dk\/virksomheder\" target=\"_self\">Link til virksomhedsformular<\/a>\n\t\t\t\t\t\t\t\t\t<\/div>\n\t\t\t<\/div>\n\t\t\t\t\t\t<\/div>\n\t\n\n<\/div>\n","protected":false},"excerpt":{"rendered":"","protected":false},"author":10,"featured_media":0,"parent":0,"menu_order":0,"comment_status":"closed","ping_status":"closed","template":"","meta":{"footnotes":""},"class_list":["post-207","page","type-page","status-publish","hentry"],"acf":[],"yoast_head":"<!-- This site is optimized with the Yoast SEO plugin v27.1.1 - https:\/\/yoast.com\/product\/yoast-seo-wordpress\/ -->\n<title>Kontakt - Sirva<\/title>\n<meta name=\"robots\" content=\"index, follow, max-snippet:-1, max-image-preview:large, max-video-preview:-1\" \/>\n<link rel=\"canonical\" href=\"https:\/\/sirva.dk\/no\/kontakt\" \/>\n<meta property=\"og:locale\" content=\"nb_NO\" \/>\n<meta property=\"og:type\" content=\"article\" \/>\n<meta property=\"og:title\" content=\"Kontakt - Sirva\" \/>\n<meta property=\"og:url\" content=\"https:\/\/sirva.dk\/no\/kontakt\" \/>\n<meta property=\"og:site_name\" content=\"Sirva\" \/>\n<meta property=\"article:publisher\" content=\"https:\/\/www.facebook.com\/SIRVAWorldwide\/\" \/>\n<meta property=\"article:modified_time\" content=\"2024-03-08T13:08:12+00:00\" \/>\n<meta name=\"twitter:card\" content=\"summary_large_image\" \/>\n<script type=\"application\/ld+json\" class=\"yoast-schema-graph\">{\"@context\":\"https:\/\/schema.org\",\"@graph\":[{\"@type\":\"WebPage\",\"@id\":\"https:\/\/sirva.dk\/no\/kontakt\",\"url\":\"https:\/\/sirva.dk\/no\/kontakt\",\"name\":\"Kontakt - Sirva\",\"isPartOf\":{\"@id\":\"https:\/\/sirva.dk\/en\/#website\"},\"datePublished\":\"2023-07-03T13:29:33+00:00\",\"dateModified\":\"2024-03-08T13:08:12+00:00\",\"breadcrumb\":{\"@id\":\"https:\/\/sirva.dk\/no\/kontakt#breadcrumb\"},\"inLanguage\":\"nb-NO\",\"potentialAction\":[{\"@type\":\"ReadAction\",\"target\":[\"https:\/\/sirva.dk\/no\/kontakt\"]}]},{\"@type\":\"BreadcrumbList\",\"@id\":\"https:\/\/sirva.dk\/no\/kontakt#breadcrumb\",\"itemListElement\":[{\"@type\":\"ListItem\",\"position\":1,\"name\":\"Home\",\"item\":\"https:\/\/sirva.dk\/no\/forside\"},{\"@type\":\"ListItem\",\"position\":2,\"name\":\"Kontakt\"}]},{\"@type\":\"WebSite\",\"@id\":\"https:\/\/sirva.dk\/en\/#website\",\"url\":\"https:\/\/sirva.dk\/en\/\",\"name\":\"https:\/\/sirva.dk\/\",\"description\":\"Nasjonal\/Internasjonalt flyttebyr\u00e5, lagring og- relocations \u2013 tjenester\",\"publisher\":{\"@id\":\"https:\/\/sirva.dk\/en\/#organization\"},\"potentialAction\":[{\"@type\":\"SearchAction\",\"target\":{\"@type\":\"EntryPoint\",\"urlTemplate\":\"https:\/\/sirva.dk\/en\/?s={search_term_string}\"},\"query-input\":{\"@type\":\"PropertyValueSpecification\",\"valueRequired\":true,\"valueName\":\"search_term_string\"}}],\"inLanguage\":\"nb-NO\"},{\"@type\":\"Organization\",\"@id\":\"https:\/\/sirva.dk\/en\/#organization\",\"name\":\"https:\/\/sirva.dk\/\",\"url\":\"https:\/\/sirva.dk\/en\/\",\"logo\":{\"@type\":\"ImageObject\",\"inLanguage\":\"nb-NO\",\"@id\":\"https:\/\/sirva.dk\/en\/#\/schema\/logo\/image\/\",\"url\":\"https:\/\/sirva.dk\/content\/2023\/10\/sirva-google-logo.jpg\",\"contentUrl\":\"https:\/\/sirva.dk\/content\/2023\/10\/sirva-google-logo.jpg\",\"width\":200,\"height\":200,\"caption\":\"https:\/\/sirva.dk\/\"},\"image\":{\"@id\":\"https:\/\/sirva.dk\/en\/#\/schema\/logo\/image\/\"},\"sameAs\":[\"https:\/\/www.facebook.com\/SIRVAWorldwide\/\",\"https:\/\/www.linkedin.com\/company\/sirva\/\"]}]}<\/script>\n<!-- \/ Yoast SEO plugin. -->","yoast_head_json":{"title":"Kontakt - Sirva","robots":{"index":"index","follow":"follow","max-snippet":"max-snippet:-1","max-image-preview":"max-image-preview:large","max-video-preview":"max-video-preview:-1"},"canonical":"https:\/\/sirva.dk\/no\/kontakt","og_locale":"nb_NO","og_type":"article","og_title":"Kontakt - Sirva","og_url":"https:\/\/sirva.dk\/no\/kontakt","og_site_name":"Sirva","article_publisher":"https:\/\/www.facebook.com\/SIRVAWorldwide\/","article_modified_time":"2024-03-08T13:08:12+00:00","twitter_card":"summary_large_image","schema":{"@context":"https:\/\/schema.org","@graph":[{"@type":"WebPage","@id":"https:\/\/sirva.dk\/no\/kontakt","url":"https:\/\/sirva.dk\/no\/kontakt","name":"Kontakt - Sirva","isPartOf":{"@id":"https:\/\/sirva.dk\/en\/#website"},"datePublished":"2023-07-03T13:29:33+00:00","dateModified":"2024-03-08T13:08:12+00:00","breadcrumb":{"@id":"https:\/\/sirva.dk\/no\/kontakt#breadcrumb"},"inLanguage":"nb-NO","potentialAction":[{"@type":"ReadAction","target":["https:\/\/sirva.dk\/no\/kontakt"]}]},{"@type":"BreadcrumbList","@id":"https:\/\/sirva.dk\/no\/kontakt#breadcrumb","itemListElement":[{"@type":"ListItem","position":1,"name":"Home","item":"https:\/\/sirva.dk\/no\/forside"},{"@type":"ListItem","position":2,"name":"Kontakt"}]},{"@type":"WebSite","@id":"https:\/\/sirva.dk\/en\/#website","url":"https:\/\/sirva.dk\/en\/","name":"https:\/\/sirva.dk\/","description":"Nasjonal\/Internasjonalt flyttebyr\u00e5, lagring og- relocations \u2013 tjenester","publisher":{"@id":"https:\/\/sirva.dk\/en\/#organization"},"potentialAction":[{"@type":"SearchAction","target":{"@type":"EntryPoint","urlTemplate":"https:\/\/sirva.dk\/en\/?s={search_term_string}"},"query-input":{"@type":"PropertyValueSpecification","valueRequired":true,"valueName":"search_term_string"}}],"inLanguage":"nb-NO"},{"@type":"Organization","@id":"https:\/\/sirva.dk\/en\/#organization","name":"https:\/\/sirva.dk\/","url":"https:\/\/sirva.dk\/en\/","logo":{"@type":"ImageObject","inLanguage":"nb-NO","@id":"https:\/\/sirva.dk\/en\/#\/schema\/logo\/image\/","url":"https:\/\/sirva.dk\/content\/2023\/10\/sirva-google-logo.jpg","contentUrl":"https:\/\/sirva.dk\/content\/2023\/10\/sirva-google-logo.jpg","width":200,"height":200,"caption":"https:\/\/sirva.dk\/"},"image":{"@id":"https:\/\/sirva.dk\/en\/#\/schema\/logo\/image\/"},"sameAs":["https:\/\/www.facebook.com\/SIRVAWorldwide\/","https:\/\/www.linkedin.com\/company\/sirva\/"]}]}},"_links":{"self":[{"href":"https:\/\/sirva.dk\/no\/wp-json\/wp\/v2\/pages\/207","targetHints":{"allow":["GET"]}}],"collection":[{"href":"https:\/\/sirva.dk\/no\/wp-json\/wp\/v2\/pages"}],"about":[{"href":"https:\/\/sirva.dk\/no\/wp-json\/wp\/v2\/types\/page"}],"author":[{"embeddable":true,"href":"https:\/\/sirva.dk\/no\/wp-json\/wp\/v2\/users\/10"}],"replies":[{"embeddable":true,"href":"https:\/\/sirva.dk\/no\/wp-json\/wp\/v2\/comments?post=207"}],"version-history":[{"count":27,"href":"https:\/\/sirva.dk\/no\/wp-json\/wp\/v2\/pages\/207\/revisions"}],"predecessor-version":[{"id":1978,"href":"https:\/\/sirva.dk\/no\/wp-json\/wp\/v2\/pages\/207\/revisions\/1978"}],"wp:attachment":[{"href":"https:\/\/sirva.dk\/no\/wp-json\/wp\/v2\/media?parent=207"}],"curies":[{"name":"wp","href":"https:\/\/api.w.org\/{rel}","templated":true}]}}