{"id":27,"date":"2023-06-30T14:27:03","date_gmt":"2023-06-30T12:27:03","guid":{"rendered":"https:\/\/sirva.dk\/?page_id=27"},"modified":"2024-03-08T14:09:07","modified_gmt":"2024-03-08T13:09:07","slug":"forside","status":"publish","type":"page","link":"https:\/\/sirva.dk\/no","title":{"rendered":"Forside"},"content":{"rendered":"\n\n\n<h2 class=\"wp-block-heading has-text-align-center\" style=\"text-transform:uppercase\">Hvorfor SIRVA<\/h2>\n\n\n\n<div class=\"wp-block-columns alignwide are-vertically-aligned-top has-text-color has-background is-layout-flex wp-container-core-columns-is-layout-9d6595d7 wp-block-columns-is-layout-flex\" style=\"color:#000000;background-color:#ffffff\">\n<div class=\"wp-block-column is-vertically-aligned-top is-layout-flow wp-block-column-is-layout-flow\"><div class=\"wp-block-image\">\n<figure class=\"aligncenter size-full is-resized\"><img decoding=\"async\" src=\"https:\/\/sirva.dk\/content\/2023\/09\/smart-21.png\" alt=\"\" class=\"wp-image-1685\" style=\"height:180px\" height=\"180\" srcset=\"https:\/\/sirva.dk\/content\/2023\/09\/smart-21.png 200w, https:\/\/sirva.dk\/content\/2023\/09\/smart-21-100x90.png 100w\" sizes=\"(max-width: 200px) 100vw, 200px\" \/><\/figure>\n<\/div>\n\n\n<h2 class=\"wp-block-heading has-text-align-center has-midnight-blue-color has-text-color has-medium-font-size\" style=\"text-transform:uppercase\">Smart.<\/h2>\n\n\n\n<p class=\"has-text-align-center has-small-font-size\">Teknologi og data kommer\u00a0f\u00f8rst ved alle bevegelser. F\u00f8r vi\u00a0reagerer, ser vi p\u00e5 forskningen. <\/p>\n<\/div>\n\n\n\n<div class=\"wp-block-column is-vertically-aligned-top is-layout-flow wp-block-column-is-layout-flow\"><div class=\"wp-block-image\">\n<figure class=\"aligncenter size-full is-resized\"><img loading=\"lazy\" decoding=\"async\" src=\"https:\/\/sirva.dk\/content\/2023\/09\/helpful-99.png\" alt=\"\" class=\"wp-image-1683\" style=\"width:176px;height:180px\" width=\"176\" height=\"180\" srcset=\"https:\/\/sirva.dk\/content\/2023\/09\/helpful-99.png 195w, https:\/\/sirva.dk\/content\/2023\/09\/helpful-99-98x100.png 98w\" sizes=\"auto, (max-width: 176px) 100vw, 176px\" \/><\/figure>\n<\/div>\n\n\n<h2 class=\"wp-block-heading has-text-align-center has-electric-cyan-color has-text-color has-medium-font-size\" style=\"text-transform:uppercase\">Hjelpsom.<\/h2>\n\n\n\n<p class=\"has-text-align-center has-small-font-size\">Alt&nbsp;vi gj\u00f8r, gj\u00f8res med&nbsp;hensikt \u00e5 l\u00f8se et problem, v\u00e6re&nbsp;st\u00f8ttende eller bare vise&nbsp;at vi bryr oss.<\/p>\n<\/div>\n\n\n\n<div class=\"wp-block-column is-layout-flow wp-block-column-is-layout-flow\"><div class=\"wp-block-image is-style-default\">\n<figure class=\"aligncenter size-full is-resized\"><img loading=\"lazy\" decoding=\"async\" src=\"https:\/\/sirva.dk\/content\/2023\/09\/human-44-1.png\" alt=\"\" class=\"wp-image-1692\" style=\"width:182px;height:171px\" width=\"182\" height=\"171\"\/><\/figure>\n<\/div>\n\n\n<h2 class=\"wp-block-heading has-text-align-center has-electric-purple-color has-text-color has-medium-font-size\" style=\"text-transform:uppercase\">Menneske.<\/h2>\n\n\n\n<p class=\"has-text-align-center has-small-font-size\">Omfavn&nbsp;mangfoldet og&nbsp;det unike ved folk,&nbsp;opplevelser, og&nbsp;perspektiver. Handle med&nbsp;mot, \u00e6rlighet, &amp; integritet.<\/p>\n<\/div>\n\n\n\n<div class=\"wp-block-column is-vertically-aligned-top is-layout-flow wp-block-column-is-layout-flow\"><div class=\"wp-block-image\">\n<figure class=\"aligncenter size-full is-resized\"><img loading=\"lazy\" decoding=\"async\" src=\"https:\/\/sirva.dk\/content\/2023\/09\/responsible-20-1.png\" alt=\"\" class=\"wp-image-1694\" style=\"width:176px;height:176px\" width=\"176\" height=\"176\" srcset=\"https:\/\/sirva.dk\/content\/2023\/09\/responsible-20-1.png 200w, https:\/\/sirva.dk\/content\/2023\/09\/responsible-20-1-150x150.png 150w, https:\/\/sirva.dk\/content\/2023\/09\/responsible-20-1-100x100.png 100w\" sizes=\"auto, (max-width: 176px) 100vw, 176px\" \/><\/figure>\n<\/div>\n\n\n<h2 class=\"wp-block-heading has-text-align-center has-electric-aquamarine-color has-text-color has-medium-font-size\" style=\"font-style:normal;font-weight:700;text-transform:uppercase\">Ansvarlig.<\/h2>\n\n\n\n<p class=\"has-text-align-center has-small-font-size\">V\u00e6r en positiv endrings&nbsp;agent i samfunnet og&nbsp;bidra proaktivt til&nbsp;b\u00e6rekraften til&nbsp;planeten v\u00e5r.<\/p>\n<\/div>\n<\/div>\n\n\n\n<div id=\"block_d3ebd76e381e79aa46fb96c456149550\" class=\"block-certificates alignwide\">\n\n\t<div class=\"wrapper\">\n\t\t\t\t\t<h2>Globalt Nettverk<\/h2>\n\t\t\t\t\t\t\t<p class=\"sub-section-heading\">Som et ledende globalt flytteselskap og relocation-partner, bringer vi sammen personlige l\u00f8sninger, ekspansiv global rekkevidde, innovativ teknologi og en enest\u00e5ende forsyningskjede for \u00e5 transformere virksomheter av alle st\u00f8rrelser og gi talenter mulighet til \u00e5 flytte til deres neste mulighet.<\/p>\n\t\t\t<\/div>\n\t\t\t\t\t\t<div class=\"image\">\n\t\t\t\t<img loading=\"lazy\" decoding=\"async\" width=\"1282\" height=\"815\" src=\"https:\/\/sirva.dk\/content\/2023\/09\/verden.png\" class=\"attachment-full size-full\" alt=\"\" srcset=\"https:\/\/sirva.dk\/content\/2023\/09\/verden.png 1282w, https:\/\/sirva.dk\/content\/2023\/09\/verden-300x191.png 300w, https:\/\/sirva.dk\/content\/2023\/09\/verden-590x375.png 590w, https:\/\/sirva.dk\/content\/2023\/09\/verden-768x488.png 768w, https:\/\/sirva.dk\/content\/2023\/09\/verden-100x64.png 100w, https:\/\/sirva.dk\/content\/2023\/09\/verden-629x400.png 629w\" sizes=\"auto, (max-width: 1282px) 100vw, 1282px\" \/>\t\t\t<\/div>\n\t\t\t<\/div>\n\n\n\n<div id=\"block_a26c6b86c2618ab4df89fea15f970bd5\" class=\"block-certificates alignwide\">\n\n\t<div class=\"wrapper\">\n\t\t\t\t\t<h2>V\u00c5RE SERTIFISERINGER<\/h2>\n\t\t\t\t\t\t\t<p class=\"sub-section-heading\">Sirvas m\u00e5l og kvalitetssystem er en obligatorisk del av v\u00e5r introduksjon og oppl\u00e6ringsplan til alle ansatte. Her f\u00e5r de en innf\u00f8ring i hele systemet samt, at det fokuseres p\u00e5 de prosessene som er mest relevant for deres arbeidsomr\u00e5de.<\/p>\n\t\t\t<\/div>\n\t\t\t<div class=\"certificates\">\n\t\t\t\t\t\t\t\t\t\t\t\t<div class=\"certificate\">\n\t\t\t\t\t\t<img loading=\"lazy\" decoding=\"async\" width=\"80\" height=\"82\" src=\"https:\/\/sirva.dk\/content\/2023\/09\/iso-1.png\" class=\"attachment-certificate size-certificate\" alt=\"dasdas\" \/>\t\t\t\t\t<\/div>\n\t\t\t\t\t\t\t\t\t<div class=\"certificate\">\n\t\t\t\t\t\t<img loading=\"lazy\" decoding=\"async\" width=\"80\" height=\"80\" src=\"https:\/\/sirva.dk\/content\/2023\/09\/iso-2.png\" class=\"attachment-certificate size-certificate\" alt=\"\" \/>\t\t\t\t\t<\/div>\n\t\t\t\t\t\t\t\t\t<\/div>\n\t<\/div>\n","protected":false},"excerpt":{"rendered":"<p>Hvorfor SIRVA Smart. Teknologi og data kommer\u00a0f\u00f8rst ved alle bevegelser. F\u00f8r vi\u00a0reagerer, ser vi p\u00e5 forskningen. Hjelpsom. Alt&nbsp;vi gj\u00f8r, gj\u00f8res med&nbsp;hensikt \u00e5 [\u2026]<\/p>\n","protected":false},"author":3,"featured_media":0,"parent":0,"menu_order":0,"comment_status":"closed","ping_status":"closed","template":"","meta":{"footnotes":""},"class_list":["post-27","page","type-page","status-publish","hentry"],"acf":[],"yoast_head":"<!-- This site is optimized with the Yoast SEO plugin v27.1.1 - https:\/\/yoast.com\/product\/yoast-seo-wordpress\/ -->\n<title>Sirva - Nasjonal\/Internasjonalt flyttebyr\u00e5, lagring og- relocations \u2013 tjenester<\/title>\n<meta name=\"robots\" content=\"index, follow, max-snippet:-1, max-image-preview:large, max-video-preview:-1\" \/>\n<link rel=\"canonical\" href=\"https:\/\/sirva.dk\/no\/forside\" \/>\n<meta property=\"og:locale\" content=\"nb_NO\" \/>\n<meta property=\"og:type\" content=\"article\" \/>\n<meta property=\"og:title\" content=\"Sirva - Nasjonal\/Internasjonalt flyttebyr\u00e5, lagring og- relocations \u2013 tjenester\" \/>\n<meta property=\"og:description\" content=\"Hvorfor SIRVA Smart. Teknologi og data kommer\u00a0f\u00f8rst ved alle bevegelser. F\u00f8r vi\u00a0reagerer, ser vi p\u00e5 forskningen. Hjelpsom. Alt&nbsp;vi gj\u00f8r, gj\u00f8res med&nbsp;hensikt \u00e5 [\u2026]\" \/>\n<meta property=\"og:url\" content=\"https:\/\/sirva.dk\/no\/forside\" \/>\n<meta property=\"og:site_name\" content=\"Sirva\" \/>\n<meta property=\"article:publisher\" content=\"https:\/\/www.facebook.com\/SIRVAWorldwide\/\" \/>\n<meta property=\"article:modified_time\" content=\"2024-03-08T13:09:07+00:00\" \/>\n<meta property=\"og:image\" content=\"https:\/\/sirva.dk\/content\/2023\/09\/smart-21.png\" \/>\n<meta name=\"twitter:card\" content=\"summary_large_image\" \/>\n<meta name=\"twitter:label1\" content=\"Ansl. lesetid\" \/>\n\t<meta name=\"twitter:data1\" content=\"2 minutter\" \/>\n<script type=\"application\/ld+json\" class=\"yoast-schema-graph\">{\"@context\":\"https:\/\/schema.org\",\"@graph\":[{\"@type\":\"WebPage\",\"@id\":\"https:\/\/sirva.dk\/no\/forside\",\"url\":\"https:\/\/sirva.dk\/no\/forside\",\"name\":\"Sirva - Nasjonal\/Internasjonalt flyttebyr\u00e5, lagring og- relocations \u2013 tjenester\",\"isPartOf\":{\"@id\":\"https:\/\/sirva.dk\/en\/#website\"},\"primaryImageOfPage\":{\"@id\":\"https:\/\/sirva.dk\/no\/forside#primaryimage\"},\"image\":{\"@id\":\"https:\/\/sirva.dk\/no\/forside#primaryimage\"},\"thumbnailUrl\":\"https:\/\/sirva.dk\/content\/2023\/09\/smart-21.png\",\"datePublished\":\"2023-06-30T12:27:03+00:00\",\"dateModified\":\"2024-03-08T13:09:07+00:00\",\"breadcrumb\":{\"@id\":\"https:\/\/sirva.dk\/no\/forside#breadcrumb\"},\"inLanguage\":\"nb-NO\",\"potentialAction\":[{\"@type\":\"ReadAction\",\"target\":[\"https:\/\/sirva.dk\/no\/forside\"]}]},{\"@type\":\"ImageObject\",\"inLanguage\":\"nb-NO\",\"@id\":\"https:\/\/sirva.dk\/no\/forside#primaryimage\",\"url\":\"https:\/\/sirva.dk\/content\/2023\/09\/smart-21.png\",\"contentUrl\":\"https:\/\/sirva.dk\/content\/2023\/09\/smart-21.png\"},{\"@type\":\"BreadcrumbList\",\"@id\":\"https:\/\/sirva.dk\/no\/forside#breadcrumb\",\"itemListElement\":[{\"@type\":\"ListItem\",\"position\":1,\"name\":\"Home\",\"item\":\"https:\/\/sirva.dk\/no\/forside\"},{\"@type\":\"ListItem\",\"position\":2,\"name\":\"Forside\"}]},{\"@type\":\"WebSite\",\"@id\":\"https:\/\/sirva.dk\/en\/#website\",\"url\":\"https:\/\/sirva.dk\/en\/\",\"name\":\"https:\/\/sirva.dk\/\",\"description\":\"Nasjonal\/Internasjonalt flyttebyr\u00e5, lagring og- relocations \u2013 tjenester\",\"publisher\":{\"@id\":\"https:\/\/sirva.dk\/en\/#organization\"},\"potentialAction\":[{\"@type\":\"SearchAction\",\"target\":{\"@type\":\"EntryPoint\",\"urlTemplate\":\"https:\/\/sirva.dk\/en\/?s={search_term_string}\"},\"query-input\":{\"@type\":\"PropertyValueSpecification\",\"valueRequired\":true,\"valueName\":\"search_term_string\"}}],\"inLanguage\":\"nb-NO\"},{\"@type\":\"Organization\",\"@id\":\"https:\/\/sirva.dk\/en\/#organization\",\"name\":\"https:\/\/sirva.dk\/\",\"url\":\"https:\/\/sirva.dk\/en\/\",\"logo\":{\"@type\":\"ImageObject\",\"inLanguage\":\"nb-NO\",\"@id\":\"https:\/\/sirva.dk\/en\/#\/schema\/logo\/image\/\",\"url\":\"https:\/\/sirva.dk\/content\/2023\/10\/sirva-google-logo.jpg\",\"contentUrl\":\"https:\/\/sirva.dk\/content\/2023\/10\/sirva-google-logo.jpg\",\"width\":200,\"height\":200,\"caption\":\"https:\/\/sirva.dk\/\"},\"image\":{\"@id\":\"https:\/\/sirva.dk\/en\/#\/schema\/logo\/image\/\"},\"sameAs\":[\"https:\/\/www.facebook.com\/SIRVAWorldwide\/\",\"https:\/\/www.linkedin.com\/company\/sirva\/\"]}]}<\/script>\n<!-- \/ Yoast SEO plugin. -->","yoast_head_json":{"title":"Sirva - Nasjonal\/Internasjonalt flyttebyr\u00e5, lagring og- relocations \u2013 tjenester","robots":{"index":"index","follow":"follow","max-snippet":"max-snippet:-1","max-image-preview":"max-image-preview:large","max-video-preview":"max-video-preview:-1"},"canonical":"https:\/\/sirva.dk\/no\/forside","og_locale":"nb_NO","og_type":"article","og_title":"Sirva - Nasjonal\/Internasjonalt flyttebyr\u00e5, lagring og- relocations \u2013 tjenester","og_description":"Hvorfor SIRVA Smart. Teknologi og data kommer\u00a0f\u00f8rst ved alle bevegelser. F\u00f8r vi\u00a0reagerer, ser vi p\u00e5 forskningen. Hjelpsom. Alt&nbsp;vi gj\u00f8r, gj\u00f8res med&nbsp;hensikt \u00e5 [\u2026]","og_url":"https:\/\/sirva.dk\/no\/forside","og_site_name":"Sirva","article_publisher":"https:\/\/www.facebook.com\/SIRVAWorldwide\/","article_modified_time":"2024-03-08T13:09:07+00:00","og_image":[{"url":"https:\/\/sirva.dk\/content\/2023\/09\/smart-21.png","type":"","width":"","height":""}],"twitter_card":"summary_large_image","twitter_misc":{"Ansl. lesetid":"2 minutter"},"schema":{"@context":"https:\/\/schema.org","@graph":[{"@type":"WebPage","@id":"https:\/\/sirva.dk\/no\/forside","url":"https:\/\/sirva.dk\/no\/forside","name":"Sirva - Nasjonal\/Internasjonalt flyttebyr\u00e5, lagring og- relocations \u2013 tjenester","isPartOf":{"@id":"https:\/\/sirva.dk\/en\/#website"},"primaryImageOfPage":{"@id":"https:\/\/sirva.dk\/no\/forside#primaryimage"},"image":{"@id":"https:\/\/sirva.dk\/no\/forside#primaryimage"},"thumbnailUrl":"https:\/\/sirva.dk\/content\/2023\/09\/smart-21.png","datePublished":"2023-06-30T12:27:03+00:00","dateModified":"2024-03-08T13:09:07+00:00","breadcrumb":{"@id":"https:\/\/sirva.dk\/no\/forside#breadcrumb"},"inLanguage":"nb-NO","potentialAction":[{"@type":"ReadAction","target":["https:\/\/sirva.dk\/no\/forside"]}]},{"@type":"ImageObject","inLanguage":"nb-NO","@id":"https:\/\/sirva.dk\/no\/forside#primaryimage","url":"https:\/\/sirva.dk\/content\/2023\/09\/smart-21.png","contentUrl":"https:\/\/sirva.dk\/content\/2023\/09\/smart-21.png"},{"@type":"BreadcrumbList","@id":"https:\/\/sirva.dk\/no\/forside#breadcrumb","itemListElement":[{"@type":"ListItem","position":1,"name":"Home","item":"https:\/\/sirva.dk\/no\/forside"},{"@type":"ListItem","position":2,"name":"Forside"}]},{"@type":"WebSite","@id":"https:\/\/sirva.dk\/en\/#website","url":"https:\/\/sirva.dk\/en\/","name":"https:\/\/sirva.dk\/","description":"Nasjonal\/Internasjonalt flyttebyr\u00e5, lagring og- relocations \u2013 tjenester","publisher":{"@id":"https:\/\/sirva.dk\/en\/#organization"},"potentialAction":[{"@type":"SearchAction","target":{"@type":"EntryPoint","urlTemplate":"https:\/\/sirva.dk\/en\/?s={search_term_string}"},"query-input":{"@type":"PropertyValueSpecification","valueRequired":true,"valueName":"search_term_string"}}],"inLanguage":"nb-NO"},{"@type":"Organization","@id":"https:\/\/sirva.dk\/en\/#organization","name":"https:\/\/sirva.dk\/","url":"https:\/\/sirva.dk\/en\/","logo":{"@type":"ImageObject","inLanguage":"nb-NO","@id":"https:\/\/sirva.dk\/en\/#\/schema\/logo\/image\/","url":"https:\/\/sirva.dk\/content\/2023\/10\/sirva-google-logo.jpg","contentUrl":"https:\/\/sirva.dk\/content\/2023\/10\/sirva-google-logo.jpg","width":200,"height":200,"caption":"https:\/\/sirva.dk\/"},"image":{"@id":"https:\/\/sirva.dk\/en\/#\/schema\/logo\/image\/"},"sameAs":["https:\/\/www.facebook.com\/SIRVAWorldwide\/","https:\/\/www.linkedin.com\/company\/sirva\/"]}]}},"_links":{"self":[{"href":"https:\/\/sirva.dk\/no\/wp-json\/wp\/v2\/pages\/27","targetHints":{"allow":["GET"]}}],"collection":[{"href":"https:\/\/sirva.dk\/no\/wp-json\/wp\/v2\/pages"}],"about":[{"href":"https:\/\/sirva.dk\/no\/wp-json\/wp\/v2\/types\/page"}],"author":[{"embeddable":true,"href":"https:\/\/sirva.dk\/no\/wp-json\/wp\/v2\/users\/3"}],"replies":[{"embeddable":true,"href":"https:\/\/sirva.dk\/no\/wp-json\/wp\/v2\/comments?post=27"}],"version-history":[{"count":79,"href":"https:\/\/sirva.dk\/no\/wp-json\/wp\/v2\/pages\/27\/revisions"}],"predecessor-version":[{"id":2418,"href":"https:\/\/sirva.dk\/no\/wp-json\/wp\/v2\/pages\/27\/revisions\/2418"}],"wp:attachment":[{"href":"https:\/\/sirva.dk\/no\/wp-json\/wp\/v2\/media?parent=27"}],"curies":[{"name":"wp","href":"https:\/\/api.w.org\/{rel}","templated":true}]}}