{"id":29,"date":"2023-06-30T14:27:18","date_gmt":"2023-06-30T12:27:18","guid":{"rendered":"https:\/\/sirva.dk\/?page_id=29"},"modified":"2024-03-08T14:08:12","modified_gmt":"2024-03-08T13:08:12","slug":"flytning","status":"publish","type":"page","link":"https:\/\/sirva.dk\/no\/flytning","title":{"rendered":"Flytting"},"content":{"rendered":"\n<div id=\"block_010a4a79a5064c4125448e0c90d1d330\" class=\"block-header alignwide\">\n\t<div class=\"box box--left dark-blue\">\n\t\t\t\t\t<h2>Skal du flytte? <\/h2>\n\t\t\t\t\t\t\t<p class=\"sub-section-heading\">Bedrift eller privatperson? Sirva lever alle tjenester du trenger for \u00e5 gjennomf\u00f8re en flytting, nasjonalt og internasjonalt.<\/p>\n\t\t\t\t\t\t\t<a href=\"https:\/\/sirva.dk\/kontakt\" target=\"_blank\">Kontakt<\/a>\n\t\t\t<\/div>\n\t<div class=\"box box--right\">\n\t\t\t\t\t<img loading=\"lazy\" decoding=\"async\" width=\"599\" height=\"400\" src=\"https:\/\/sirva.dk\/content\/2023\/07\/customer-4-599x400.jpg\" class=\"attachment-header size-header\" alt=\"\" srcset=\"https:\/\/sirva.dk\/content\/2023\/07\/customer-4-599x400.jpg 599w, https:\/\/sirva.dk\/content\/2023\/07\/customer-4-300x200.jpg 300w, https:\/\/sirva.dk\/content\/2023\/07\/customer-4-590x394.jpg 590w, https:\/\/sirva.dk\/content\/2023\/07\/customer-4-768x513.jpg 768w, https:\/\/sirva.dk\/content\/2023\/07\/customer-4-1536x1025.jpg 1536w, https:\/\/sirva.dk\/content\/2023\/07\/customer-4-2048x1367.jpg 2048w, https:\/\/sirva.dk\/content\/2023\/07\/customer-4-100x67.jpg 100w\" sizes=\"auto, (max-width: 599px) 100vw, 599px\" \/>\t\t\t<\/div>\n<\/div>\n\n\n\n<h2 class=\"wp-block-heading\">VI HJELPER DEG MED \u00c5 FLYTTE<\/h2>\n\n\n\n<p><br>Opplev den smidige og skreddersydde flytteprosessen med Sirva! Som en p\u00e5litelig flyttepartner har Sirva mange \u00e5rs erfaring og ekspertise innen nasjonale og internasjonale flytte- og flytte tjenester.<\/p>\n\n\n\n<p>N\u00e5r du velger Sirva som din flyttepartner, blir du m\u00f8tt med grundig planlegging og n\u00f8ye vurdering av dine behov. Ut fra dine preferanser og behov utarbeider vi et uforpliktende tilbud som du kan vurdere.<\/p>\n\n\n\n<p>Med erfarne og profesjonelle medarbeidere s\u00f8rger Sirva for trykk og effektiv pakking av eiendelene dine. Ved internasjonale flyttinger tar vi ogs\u00e5 h\u00e5nd om tollklarering og deklarasjon, og gir deg den n\u00f8dvendige ekspertisen for \u00e5 h\u00e5ndtere forskjellige lands regler og prosedyrer.<\/p>\n\n\n\n<p>Gjennom hele flytteprosessen vil du ha en dedikert flyttekonsulent som f\u00f8lger deg fra planlegging til ankomst til din nye destinasjon. Sirva tilbyr et bredt spekter av tjenester, og gjennom din flyttekonsulent kan du ogs\u00e5 f\u00e5 hjelp med utflytting, rengj\u00f8ring eller kort- og langtidslagring.<\/p>\n\n\n\n<p>Med Sirvas verdensomspennende nettverk av agenter f\u00e5r du den n\u00f8dvendige st\u00f8tten for en rask etablering p\u00e5 din nye destinasjon, enten det dreier seg om \u00e5 finne barnehage, skoler eller midlertidig bolig.<\/p>\n\n\n\n<p>Velg Sirva for en problemfri og profesjonell flytteopplevelse som lar deg se frem til ditt nye kapittel med spenning og glede. La oss ta vare p\u00e5 eiendelene dine som om de var v\u00e5re egne.<\/p>\n\n\n\n<div id=\"block_056173ce7ddbda2771a033a381f617a3\" class=\"block-content alignwide\">\n\n\t<div class=\"wrapper\">\n\t\t<div class=\"text-media-left\">\n\t\t\t<div class=\"content\">\n\t\t\t\t\t\t\t\t\t<h2 style=\"color:#120052\">Totalleverand\u00f8r<\/h2>\n\t\t\t\t\t\t\t\t\t\t\t\t\t<div style=\"--link-color: #120052\">\n\t\t\t\t\t\t<p>Opplev en bekymringsfri flytting! V\u00e5rt dedikerte team tar seg av alt \u2013 fra pakking av eiendelene dine til hjelp med visum- og immigrasjonsveiledning. Ankom din nye bolig og la oss ta oss av oppakkingen. Velkommen til en enklere og tryggere flytteopplevelse!<\/p>\n\t\t\t\t\t<\/div>\n\t\t\t\t\t\t\t\t\t\t\t<\/div>\n\t\t\t<div class=\"media\" style=\"background-image:url('https:\/\/sirva.dk\/content\/2023\/07\/workforce-8.jpg')\">\n\t\t\t<\/div>\n\t\t<\/div>\n\t<\/div>\n<\/div>\n\n\n\n<div id=\"block_0f59382d6e0d4a7386be3d25cf59e931\" class=\"block-content alignwide\">\n\n\t<div class=\"wrapper\">\n\t\t<div class=\"text-media-right\">\n\t\t\t<div class=\"content\">\n\t\t\t\t\t\t\t\t\t<h2 style=\"color:#120052\">Din globale flyttepartner<\/h2>\n\t\t\t\t\t\t\t\t\t\t\t\t\t<div style=\"--link-color: #120052\">\n\t\t\t\t\t\t<p>Med v\u00e5rt globale nettverk, st\u00f8ttet av v\u00e5re egne kontorer og p\u00e5litelige samarbeidspartnere, er vi i stand til \u00e5 hjelpe b\u00e5de enkeltpersoner og bedrifter med en problemfri flytteopplevelse uansett destinasjon.<\/p>\n\t\t\t\t\t<\/div>\n\t\t\t\t\t\t\t\t\t\t\t<\/div>\n\t\t\t<div class=\"media\" style=\"background-image:url('https:\/\/sirva.dk\/content\/2023\/07\/workforce-12.jpg')\">\n\t\t\t<\/div>\n\t\t<\/div>\n\t<\/div>\n<\/div>\n\n\n\n<div id=\"block_7fe068242046603cf170af2243d5ac2e\" class=\"block-content alignwide\">\n\n\t<div class=\"wrapper\">\n\t\t<div class=\"text-media-left\">\n\t\t\t<div class=\"content\">\n\t\t\t\t\t\t\t\t\t<h2 style=\"color:#120052\">Tjenester<\/h2>\n\t\t\t\t\t\t\t\t\t\t\t\t\t<div style=\"--link-color: #120052\">\n\t\t\t\t\t\t<div class=\"group w-full text-token-text-primary border-b border-black\/10 dark:border-gray-900\/50 bg-gray-50 dark:bg-[#444654]\" data-testid=\"conversation-turn-13\">\n<div class=\"p-4 justify-center text-base md:gap-6 md:py-6 m-auto\">\n<div class=\"flex flex-1 gap-4 text-base mx-auto md:gap-6 md:max-w-2xl lg:max-w-[38rem] xl:max-w-3xl }\">\n<div class=\"relative flex w-[calc(100%-50px)] flex-col gap-1 md:gap-3 lg:w-[calc(100%-115px)]\">\n<div class=\"flex flex-grow flex-col gap-3 max-w-full\">\n<div class=\"min-h-[20px] flex flex-col items-start gap-3 overflow-x-auto whitespace-pre-wrap break-words\">\n<div class=\"markdown prose w-full break-words dark:prose-invert light\">\n<p>Opplev en eksepsjonell flytteopplevelse med Sirva! Vi hjelper deg ogs\u00e5 med pakking, lagring, tollh\u00e5ndtering, rask etablering p\u00e5 nytt sted, utvask og mer. La oss ta vare p\u00e5 alle detaljene for deg.<\/p>\n<\/div>\n<\/div>\n<\/div>\n<div class=\"flex justify-between lg:block\">\n<div class=\"text-xs flex items-center justify-center gap-1 self-center pt-2 !invisible\"><\/div>\n<div class=\"text-gray-400 flex self-end lg:self-center justify-center mt-2 gap-2 md:gap-3 lg:gap-1 lg:absolute lg:top-0 lg:translate-x-full lg:right-0 lg:mt-0 lg:pl-2 visible\">\n<p>&nbsp;<\/p>\n<div class=\"flex gap-1\"><\/div>\n<\/div>\n<\/div>\n<\/div>\n<\/div>\n<\/div>\n<\/div>\n\t\t\t\t\t<\/div>\n\t\t\t\t\t\t\t\t\t\t\t\t\t<a class=\"button\" style=\"--button-content-color: #120052\" href=\"https:\/\/sirva.dk\/relocation\" target=\"_blank\">Relocation<\/a>\n\t\t\t\t\t\t\t<\/div>\n\t\t\t<div class=\"media\" style=\"background-image:url('https:\/\/sirva.dk\/content\/2023\/07\/customer-22-1.jpg')\">\n\t\t\t<\/div>\n\t\t<\/div>\n\t<\/div>\n<\/div>\n\n\n\n<h2 class=\"wp-block-heading has-text-align-center has-midnight-blue-color has-sirva-white-background-color has-text-color has-background\"><\/h2>\n\n\n\n<div id=\"block_a1fdca5ab7335d6fbf381a9ccb682bed\" class=\"block-moving-form alignwide\">\n\t<div id=\"hero\" class=\"theme-dark-blue\">\n\t\t<div class=\"image\" style=\"background-image:url(https:\/\/sirva.dk\/content\/2023\/07\/customer-5.jpg);\"><\/div>\n\t\t\t\t\t<div class=\"overlay\" style=\"background-color: rgba(10,10,10,0.26)\"><\/div>\n\t\t\t\t<div class=\"wrapper\">\n\t\t\t<h3 class=\"hero-subheader\">Vi hjelper deg med flytting og relocation<\/h3>\n\t\t\t<h2 class=\"hero-header\">Send oss en henvendelse n\u00e5<\/h2>\n\t\t\t\t\t\t\t\t\t\t\t\t<\/div>\n\t<\/div>\n<\/div>\n\n\n","protected":false},"excerpt":{"rendered":"<p>VI HJELPER DEG MED \u00c5 FLYTTE Opplev den smidige og skreddersydde flytteprosessen med Sirva! Som en p\u00e5litelig flyttepartner har Sirva mange \u00e5rs [\u2026]<\/p>\n","protected":false},"author":10,"featured_media":0,"parent":0,"menu_order":0,"comment_status":"closed","ping_status":"closed","template":"","meta":{"footnotes":""},"class_list":["post-29","page","type-page","status-publish","hentry"],"acf":[],"yoast_head":"<!-- This site is optimized with the Yoast SEO plugin v27.1.1 - https:\/\/yoast.com\/product\/yoast-seo-wordpress\/ -->\n<title>Flytting - Sirva<\/title>\n<meta name=\"robots\" content=\"index, follow, max-snippet:-1, max-image-preview:large, max-video-preview:-1\" \/>\n<link rel=\"canonical\" href=\"https:\/\/sirva.dk\/no\/flytning\" \/>\n<meta property=\"og:locale\" content=\"nb_NO\" \/>\n<meta property=\"og:type\" content=\"article\" \/>\n<meta property=\"og:title\" content=\"Flytting - Sirva\" \/>\n<meta property=\"og:description\" content=\"VI HJELPER DEG MED \u00c5 FLYTTE Opplev den smidige og skreddersydde flytteprosessen med Sirva! Som en p\u00e5litelig flyttepartner har Sirva mange \u00e5rs [\u2026]\" \/>\n<meta property=\"og:url\" content=\"https:\/\/sirva.dk\/no\/flytning\" \/>\n<meta property=\"og:site_name\" content=\"Sirva\" \/>\n<meta property=\"article:publisher\" content=\"https:\/\/www.facebook.com\/SIRVAWorldwide\/\" \/>\n<meta property=\"article:modified_time\" content=\"2024-03-08T13:08:12+00:00\" \/>\n<meta name=\"twitter:card\" content=\"summary_large_image\" \/>\n<meta name=\"twitter:label1\" content=\"Ansl. lesetid\" \/>\n\t<meta name=\"twitter:data1\" content=\"2 minutter\" \/>\n<script type=\"application\/ld+json\" class=\"yoast-schema-graph\">{\"@context\":\"https:\/\/schema.org\",\"@graph\":[{\"@type\":\"WebPage\",\"@id\":\"https:\/\/sirva.dk\/no\/flytning\",\"url\":\"https:\/\/sirva.dk\/no\/flytning\",\"name\":\"Flytting - Sirva\",\"isPartOf\":{\"@id\":\"https:\/\/sirva.dk\/en\/#website\"},\"datePublished\":\"2023-06-30T12:27:18+00:00\",\"dateModified\":\"2024-03-08T13:08:12+00:00\",\"breadcrumb\":{\"@id\":\"https:\/\/sirva.dk\/no\/flytning#breadcrumb\"},\"inLanguage\":\"nb-NO\",\"potentialAction\":[{\"@type\":\"ReadAction\",\"target\":[\"https:\/\/sirva.dk\/no\/flytning\"]}]},{\"@type\":\"BreadcrumbList\",\"@id\":\"https:\/\/sirva.dk\/no\/flytning#breadcrumb\",\"itemListElement\":[{\"@type\":\"ListItem\",\"position\":1,\"name\":\"Home\",\"item\":\"https:\/\/sirva.dk\/no\/forside\"},{\"@type\":\"ListItem\",\"position\":2,\"name\":\"Flytting\"}]},{\"@type\":\"WebSite\",\"@id\":\"https:\/\/sirva.dk\/en\/#website\",\"url\":\"https:\/\/sirva.dk\/en\/\",\"name\":\"https:\/\/sirva.dk\/\",\"description\":\"Nasjonal\/Internasjonalt flyttebyr\u00e5, lagring og- relocations \u2013 tjenester\",\"publisher\":{\"@id\":\"https:\/\/sirva.dk\/en\/#organization\"},\"potentialAction\":[{\"@type\":\"SearchAction\",\"target\":{\"@type\":\"EntryPoint\",\"urlTemplate\":\"https:\/\/sirva.dk\/en\/?s={search_term_string}\"},\"query-input\":{\"@type\":\"PropertyValueSpecification\",\"valueRequired\":true,\"valueName\":\"search_term_string\"}}],\"inLanguage\":\"nb-NO\"},{\"@type\":\"Organization\",\"@id\":\"https:\/\/sirva.dk\/en\/#organization\",\"name\":\"https:\/\/sirva.dk\/\",\"url\":\"https:\/\/sirva.dk\/en\/\",\"logo\":{\"@type\":\"ImageObject\",\"inLanguage\":\"nb-NO\",\"@id\":\"https:\/\/sirva.dk\/en\/#\/schema\/logo\/image\/\",\"url\":\"https:\/\/sirva.dk\/content\/2023\/10\/sirva-google-logo.jpg\",\"contentUrl\":\"https:\/\/sirva.dk\/content\/2023\/10\/sirva-google-logo.jpg\",\"width\":200,\"height\":200,\"caption\":\"https:\/\/sirva.dk\/\"},\"image\":{\"@id\":\"https:\/\/sirva.dk\/en\/#\/schema\/logo\/image\/\"},\"sameAs\":[\"https:\/\/www.facebook.com\/SIRVAWorldwide\/\",\"https:\/\/www.linkedin.com\/company\/sirva\/\"]}]}<\/script>\n<!-- \/ Yoast SEO plugin. -->","yoast_head_json":{"title":"Flytting - Sirva","robots":{"index":"index","follow":"follow","max-snippet":"max-snippet:-1","max-image-preview":"max-image-preview:large","max-video-preview":"max-video-preview:-1"},"canonical":"https:\/\/sirva.dk\/no\/flytning","og_locale":"nb_NO","og_type":"article","og_title":"Flytting - Sirva","og_description":"VI HJELPER DEG MED \u00c5 FLYTTE Opplev den smidige og skreddersydde flytteprosessen med Sirva! Som en p\u00e5litelig flyttepartner har Sirva mange \u00e5rs [\u2026]","og_url":"https:\/\/sirva.dk\/no\/flytning","og_site_name":"Sirva","article_publisher":"https:\/\/www.facebook.com\/SIRVAWorldwide\/","article_modified_time":"2024-03-08T13:08:12+00:00","twitter_card":"summary_large_image","twitter_misc":{"Ansl. lesetid":"2 minutter"},"schema":{"@context":"https:\/\/schema.org","@graph":[{"@type":"WebPage","@id":"https:\/\/sirva.dk\/no\/flytning","url":"https:\/\/sirva.dk\/no\/flytning","name":"Flytting - Sirva","isPartOf":{"@id":"https:\/\/sirva.dk\/en\/#website"},"datePublished":"2023-06-30T12:27:18+00:00","dateModified":"2024-03-08T13:08:12+00:00","breadcrumb":{"@id":"https:\/\/sirva.dk\/no\/flytning#breadcrumb"},"inLanguage":"nb-NO","potentialAction":[{"@type":"ReadAction","target":["https:\/\/sirva.dk\/no\/flytning"]}]},{"@type":"BreadcrumbList","@id":"https:\/\/sirva.dk\/no\/flytning#breadcrumb","itemListElement":[{"@type":"ListItem","position":1,"name":"Home","item":"https:\/\/sirva.dk\/no\/forside"},{"@type":"ListItem","position":2,"name":"Flytting"}]},{"@type":"WebSite","@id":"https:\/\/sirva.dk\/en\/#website","url":"https:\/\/sirva.dk\/en\/","name":"https:\/\/sirva.dk\/","description":"Nasjonal\/Internasjonalt flyttebyr\u00e5, lagring og- relocations \u2013 tjenester","publisher":{"@id":"https:\/\/sirva.dk\/en\/#organization"},"potentialAction":[{"@type":"SearchAction","target":{"@type":"EntryPoint","urlTemplate":"https:\/\/sirva.dk\/en\/?s={search_term_string}"},"query-input":{"@type":"PropertyValueSpecification","valueRequired":true,"valueName":"search_term_string"}}],"inLanguage":"nb-NO"},{"@type":"Organization","@id":"https:\/\/sirva.dk\/en\/#organization","name":"https:\/\/sirva.dk\/","url":"https:\/\/sirva.dk\/en\/","logo":{"@type":"ImageObject","inLanguage":"nb-NO","@id":"https:\/\/sirva.dk\/en\/#\/schema\/logo\/image\/","url":"https:\/\/sirva.dk\/content\/2023\/10\/sirva-google-logo.jpg","contentUrl":"https:\/\/sirva.dk\/content\/2023\/10\/sirva-google-logo.jpg","width":200,"height":200,"caption":"https:\/\/sirva.dk\/"},"image":{"@id":"https:\/\/sirva.dk\/en\/#\/schema\/logo\/image\/"},"sameAs":["https:\/\/www.facebook.com\/SIRVAWorldwide\/","https:\/\/www.linkedin.com\/company\/sirva\/"]}]}},"_links":{"self":[{"href":"https:\/\/sirva.dk\/no\/wp-json\/wp\/v2\/pages\/29","targetHints":{"allow":["GET"]}}],"collection":[{"href":"https:\/\/sirva.dk\/no\/wp-json\/wp\/v2\/pages"}],"about":[{"href":"https:\/\/sirva.dk\/no\/wp-json\/wp\/v2\/types\/page"}],"author":[{"embeddable":true,"href":"https:\/\/sirva.dk\/no\/wp-json\/wp\/v2\/users\/10"}],"replies":[{"embeddable":true,"href":"https:\/\/sirva.dk\/no\/wp-json\/wp\/v2\/comments?post=29"}],"version-history":[{"count":137,"href":"https:\/\/sirva.dk\/no\/wp-json\/wp\/v2\/pages\/29\/revisions"}],"predecessor-version":[{"id":2441,"href":"https:\/\/sirva.dk\/no\/wp-json\/wp\/v2\/pages\/29\/revisions\/2441"}],"wp:attachment":[{"href":"https:\/\/sirva.dk\/no\/wp-json\/wp\/v2\/media?parent=29"}],"curies":[{"name":"wp","href":"https:\/\/api.w.org\/{rel}","templated":true}]}}