{"id":291,"date":"2023-07-04T12:53:59","date_gmt":"2023-07-04T10:53:59","guid":{"rendered":"https:\/\/sirva.dk\/?page_id=291"},"modified":"2024-03-08T14:08:13","modified_gmt":"2024-03-08T13:08:13","slug":"om-sirva","status":"publish","type":"page","link":"https:\/\/sirva.dk\/no\/om-sirva","title":{"rendered":"Om Sirva"},"content":{"rendered":"\n<div id=\"block_c6c8abba4f3646b7cfb6a4361730bbc6\" class=\"block-header alignwide\">\n\t<div class=\"box box--left dark-blue\">\n\t\t\t\t\t<h2>OM sirva <\/h2>\n\t\t\t\t\t\t\t<\/div>\n\t<div class=\"box box--right\">\n\t\t\t<\/div>\n<\/div>\n\n\n\n<p><\/p>\n\n\n\n<div id=\"block_c622f6d018ab4c3c532d54e24b837d3e\" class=\"block-content alignwide\">\n\n\t<div class=\"wrapper\">\n\t\t<div class=\"text-media-right\">\n\t\t\t<div class=\"content\">\n\t\t\t\t\t\t\t\t\t<h2 style=\"color:#120052\">SIRVA<\/h2>\n\t\t\t\t\t\t\t\t\t\t\t\t\t<div style=\"--link-color: #120052\">\n\t\t\t\t\t\t<p>V\u00e5rt ultimate m\u00e5l er \u00e5 skape tilfredse kunder hver eneste dag n\u00e5r vi g\u00e5r p\u00e5 jobb, og vi er klare til \u00e5 hjelpe deg n\u00e5r du trenger det. Vi kombinerer skreddersydde programl\u00f8sninger, omfattende global rekkevidde, innovativ teknologi og en enest\u00e5ende forsyningskjede.<\/p>\n\t\t\t\t\t<\/div>\n\t\t\t\t\t\t\t\t\t\t\t<\/div>\n\t\t\t<div class=\"media\" style=\"background-image:url('https:\/\/sirva.dk\/content\/2023\/07\/workforce-16.jpg')\">\n\t\t\t<\/div>\n\t\t<\/div>\n\t<\/div>\n<\/div>\n\n\n\n<div id=\"block_f8ee5f72ae6f22040dde96fc852388f1\" class=\"block-content alignwide\">\n\n\t<div class=\"wrapper\">\n\t\t<div class=\"text-media-left\">\n\t\t\t<div class=\"content\">\n\t\t\t\t\t\t\t\t\t<h2 style=\"color:#120052\">HVA GJ\u00d8R VI?<\/h2>\n\t\t\t\t\t\t\t\t\t\t\t\t\t<div style=\"--link-color: #120052\">\n\t\t\t\t\t\t<p>Sirva tilbyr alltid den hjelpen, veiledningen og st\u00f8tten du m\u00e5tte trenge for \u00e5 f\u00e5 en behagelig og god flytteopplevelse. Vi tilpasser l\u00f8sninger i henhold til de spesifikke kravene du m\u00e5tte ha, og som er viktige for deg i l\u00f8pet av prosessen. Dette kan inkludere alt fra pakking av skj\u00f8re eller verdifulle gjenstander som antikviteter, porselen, glasskunst, malerier osv., til pakking og transport av vanlige m\u00f8bler og innredning som man finner i et vanlig hjem.<\/p>\n\t\t\t\t\t<\/div>\n\t\t\t\t\t\t\t\t\t\t\t<\/div>\n\t\t\t<div class=\"media\" style=\"background-image:url('https:\/\/sirva.dk\/content\/2023\/07\/customer-18.jpg')\">\n\t\t\t<\/div>\n\t\t<\/div>\n\t<\/div>\n<\/div>\n\n\n\n<div id=\"block_32e70291a2d0b86ea6e54e027059a1b4\" class=\"block-content alignwide\">\n\n\t<div class=\"wrapper\">\n\t\t<div class=\"text-media-right\">\n\t\t\t<div class=\"content\">\n\t\t\t\t\t\t\t\t\t<h2 style=\"color:#120052\">Hvem er vi?<\/h2>\n\t\t\t\t\t\t\t\t\t\t\t\t\t<div style=\"--link-color: #120052\">\n\t\t\t\t\t\t<p>55 \u00e5r med relokasjonstjenester<\/p>\n<p>139 \u00e5r med flytting av personlige eiendeler<\/p>\n<p>67 egne kontorer globalt<\/p>\n<p>4 954 ansatte over hele verden<\/p>\n<p>Dekning i over 190 land som en del av v\u00e5rt globale nettverk<\/p>\n\t\t\t\t\t<\/div>\n\t\t\t\t\t\t\t\t\t\t\t<\/div>\n\t\t\t<div class=\"media\" style=\"background-image:url('https:\/\/sirva.dk\/content\/2023\/07\/customer-14.jpg')\">\n\t\t\t<\/div>\n\t\t<\/div>\n\t<\/div>\n<\/div>\n\n\n\n<div id=\"block_de3ab3457e9c2d923aa919262745e4f4\" class=\"block-content alignwide\">\n\n\t<div class=\"wrapper\">\n\t\t<div class=\"text-media-left\">\n\t\t\t<div class=\"content\">\n\t\t\t\t\t\t\t\t\t<h2 style=\"color:#120052\">LURER DU P\u00c5 NOE?<\/h2>\n\t\t\t\t\t\t\t\t\t\t\t\t\t<div style=\"--link-color: #120052\">\n\t\t\t\t\t\t<p>Skulle du ha noen sp\u00f8rsm\u00e5l ang\u00e5ende Relocation eller Flytting?\u00a0Kontakt oss i dag!<\/p>\n\t\t\t\t\t<\/div>\n\t\t\t\t\t\t\t\t\t\t\t<\/div>\n\t\t\t<div class=\"media\" style=\"background-image:url('https:\/\/sirva.dk\/content\/2023\/07\/workforce-17.jpg')\">\n\t\t\t<\/div>\n\t\t<\/div>\n\t<\/div>\n<\/div>\n\n\n\n<div id=\"block_de928ddb07d5d3186a93203b2c2638d1\" class=\"block-content alignwide\">\n\n\t<div class=\"wrapper\">\n\t\t<div class=\"text-media-right\">\n\t\t\t<div class=\"content\">\n\t\t\t\t\t\t\t\t\t<h2 style=\"color:#120052\">Privacy Policy<\/h2>\n\t\t\t\t\t\t\t\t\t\t\t\t\t\t\t\t\t<a class=\"button\" style=\"--button-content-color: #120052\" href=\"https:\/\/www.sirva.com\/docs\/default-source\/default-document-library\/us-english-sirva-privacy-policy.pdf?sfvrsn=be2eddc6_22\" target=\"_blank\">Privacy Policy<\/a>\n\t\t\t\t\t\t\t<\/div>\n\t\t\t<div class=\"media\" style=\"background-image:url('https:\/\/sirva.dk\/content\/2023\/07\/customer-18.jpg')\">\n\t\t\t<\/div>\n\t\t<\/div>\n\t<\/div>\n<\/div>\n\n\n\n<div id=\"block_658fe6412adbf17ae6d84195263ee80a\" class=\"block-moving-form alignwide\">\n\t<div id=\"hero\" class=\"theme-dark-blue\">\n\t\t<div class=\"image\" style=\"background-image:url(https:\/\/sirva.dk\/content\/2023\/07\/customer-15.jpg);\"><\/div>\n\t\t\t\t\t<div class=\"overlay\" style=\"background-color: rgba(10,10,10,0.26)\"><\/div>\n\t\t\t\t<div class=\"wrapper\">\n\t\t\t<h3 class=\"hero-subheader\">Vi hjelper deg med flytting og relocation<\/h3>\n\t\t\t<h2 class=\"hero-header\">Din erfarne partner innen internasjonal flytting og Global Mobility.<\/h2>\n\t\t\t\t\t\t\t\t\t\t\t\t<\/div>\n\t<\/div>\n<\/div>\n\n\n\n\n\n<p><\/p>\n\n\n\n<p><\/p>\n\n\n\n<p><\/p>\n\n\n\n<p><\/p>\n\n\n\n<p><\/p>\n","protected":false},"excerpt":{"rendered":"","protected":false},"author":10,"featured_media":0,"parent":0,"menu_order":0,"comment_status":"closed","ping_status":"closed","template":"","meta":{"footnotes":""},"class_list":["post-291","page","type-page","status-publish","hentry"],"acf":[],"yoast_head":"<!-- This site is optimized with the Yoast SEO plugin v27.1.1 - https:\/\/yoast.com\/product\/yoast-seo-wordpress\/ -->\n<title>Om Sirva - Sirva<\/title>\n<meta name=\"robots\" content=\"index, follow, max-snippet:-1, max-image-preview:large, max-video-preview:-1\" \/>\n<link rel=\"canonical\" href=\"https:\/\/sirva.dk\/no\/om-sirva\" \/>\n<meta property=\"og:locale\" content=\"nb_NO\" \/>\n<meta property=\"og:type\" content=\"article\" \/>\n<meta property=\"og:title\" content=\"Om Sirva - Sirva\" \/>\n<meta property=\"og:url\" content=\"https:\/\/sirva.dk\/no\/om-sirva\" \/>\n<meta property=\"og:site_name\" content=\"Sirva\" \/>\n<meta property=\"article:publisher\" content=\"https:\/\/www.facebook.com\/SIRVAWorldwide\/\" \/>\n<meta property=\"article:modified_time\" content=\"2024-03-08T13:08:13+00:00\" \/>\n<meta name=\"twitter:card\" content=\"summary_large_image\" \/>\n<script type=\"application\/ld+json\" class=\"yoast-schema-graph\">{\"@context\":\"https:\/\/schema.org\",\"@graph\":[{\"@type\":\"WebPage\",\"@id\":\"https:\/\/sirva.dk\/no\/om-sirva\",\"url\":\"https:\/\/sirva.dk\/no\/om-sirva\",\"name\":\"Om Sirva - Sirva\",\"isPartOf\":{\"@id\":\"https:\/\/sirva.dk\/en\/#website\"},\"datePublished\":\"2023-07-04T10:53:59+00:00\",\"dateModified\":\"2024-03-08T13:08:13+00:00\",\"breadcrumb\":{\"@id\":\"https:\/\/sirva.dk\/no\/om-sirva#breadcrumb\"},\"inLanguage\":\"nb-NO\",\"potentialAction\":[{\"@type\":\"ReadAction\",\"target\":[\"https:\/\/sirva.dk\/no\/om-sirva\"]}]},{\"@type\":\"BreadcrumbList\",\"@id\":\"https:\/\/sirva.dk\/no\/om-sirva#breadcrumb\",\"itemListElement\":[{\"@type\":\"ListItem\",\"position\":1,\"name\":\"Home\",\"item\":\"https:\/\/sirva.dk\/no\/forside\"},{\"@type\":\"ListItem\",\"position\":2,\"name\":\"Om Sirva\"}]},{\"@type\":\"WebSite\",\"@id\":\"https:\/\/sirva.dk\/en\/#website\",\"url\":\"https:\/\/sirva.dk\/en\/\",\"name\":\"https:\/\/sirva.dk\/\",\"description\":\"Nasjonal\/Internasjonalt flyttebyr\u00e5, lagring og- relocations \u2013 tjenester\",\"publisher\":{\"@id\":\"https:\/\/sirva.dk\/en\/#organization\"},\"potentialAction\":[{\"@type\":\"SearchAction\",\"target\":{\"@type\":\"EntryPoint\",\"urlTemplate\":\"https:\/\/sirva.dk\/en\/?s={search_term_string}\"},\"query-input\":{\"@type\":\"PropertyValueSpecification\",\"valueRequired\":true,\"valueName\":\"search_term_string\"}}],\"inLanguage\":\"nb-NO\"},{\"@type\":\"Organization\",\"@id\":\"https:\/\/sirva.dk\/en\/#organization\",\"name\":\"https:\/\/sirva.dk\/\",\"url\":\"https:\/\/sirva.dk\/en\/\",\"logo\":{\"@type\":\"ImageObject\",\"inLanguage\":\"nb-NO\",\"@id\":\"https:\/\/sirva.dk\/en\/#\/schema\/logo\/image\/\",\"url\":\"https:\/\/sirva.dk\/content\/2023\/10\/sirva-google-logo.jpg\",\"contentUrl\":\"https:\/\/sirva.dk\/content\/2023\/10\/sirva-google-logo.jpg\",\"width\":200,\"height\":200,\"caption\":\"https:\/\/sirva.dk\/\"},\"image\":{\"@id\":\"https:\/\/sirva.dk\/en\/#\/schema\/logo\/image\/\"},\"sameAs\":[\"https:\/\/www.facebook.com\/SIRVAWorldwide\/\",\"https:\/\/www.linkedin.com\/company\/sirva\/\"]}]}<\/script>\n<!-- \/ Yoast SEO plugin. -->","yoast_head_json":{"title":"Om Sirva - Sirva","robots":{"index":"index","follow":"follow","max-snippet":"max-snippet:-1","max-image-preview":"max-image-preview:large","max-video-preview":"max-video-preview:-1"},"canonical":"https:\/\/sirva.dk\/no\/om-sirva","og_locale":"nb_NO","og_type":"article","og_title":"Om Sirva - Sirva","og_url":"https:\/\/sirva.dk\/no\/om-sirva","og_site_name":"Sirva","article_publisher":"https:\/\/www.facebook.com\/SIRVAWorldwide\/","article_modified_time":"2024-03-08T13:08:13+00:00","twitter_card":"summary_large_image","schema":{"@context":"https:\/\/schema.org","@graph":[{"@type":"WebPage","@id":"https:\/\/sirva.dk\/no\/om-sirva","url":"https:\/\/sirva.dk\/no\/om-sirva","name":"Om Sirva - Sirva","isPartOf":{"@id":"https:\/\/sirva.dk\/en\/#website"},"datePublished":"2023-07-04T10:53:59+00:00","dateModified":"2024-03-08T13:08:13+00:00","breadcrumb":{"@id":"https:\/\/sirva.dk\/no\/om-sirva#breadcrumb"},"inLanguage":"nb-NO","potentialAction":[{"@type":"ReadAction","target":["https:\/\/sirva.dk\/no\/om-sirva"]}]},{"@type":"BreadcrumbList","@id":"https:\/\/sirva.dk\/no\/om-sirva#breadcrumb","itemListElement":[{"@type":"ListItem","position":1,"name":"Home","item":"https:\/\/sirva.dk\/no\/forside"},{"@type":"ListItem","position":2,"name":"Om Sirva"}]},{"@type":"WebSite","@id":"https:\/\/sirva.dk\/en\/#website","url":"https:\/\/sirva.dk\/en\/","name":"https:\/\/sirva.dk\/","description":"Nasjonal\/Internasjonalt flyttebyr\u00e5, lagring og- relocations \u2013 tjenester","publisher":{"@id":"https:\/\/sirva.dk\/en\/#organization"},"potentialAction":[{"@type":"SearchAction","target":{"@type":"EntryPoint","urlTemplate":"https:\/\/sirva.dk\/en\/?s={search_term_string}"},"query-input":{"@type":"PropertyValueSpecification","valueRequired":true,"valueName":"search_term_string"}}],"inLanguage":"nb-NO"},{"@type":"Organization","@id":"https:\/\/sirva.dk\/en\/#organization","name":"https:\/\/sirva.dk\/","url":"https:\/\/sirva.dk\/en\/","logo":{"@type":"ImageObject","inLanguage":"nb-NO","@id":"https:\/\/sirva.dk\/en\/#\/schema\/logo\/image\/","url":"https:\/\/sirva.dk\/content\/2023\/10\/sirva-google-logo.jpg","contentUrl":"https:\/\/sirva.dk\/content\/2023\/10\/sirva-google-logo.jpg","width":200,"height":200,"caption":"https:\/\/sirva.dk\/"},"image":{"@id":"https:\/\/sirva.dk\/en\/#\/schema\/logo\/image\/"},"sameAs":["https:\/\/www.facebook.com\/SIRVAWorldwide\/","https:\/\/www.linkedin.com\/company\/sirva\/"]}]}},"_links":{"self":[{"href":"https:\/\/sirva.dk\/no\/wp-json\/wp\/v2\/pages\/291","targetHints":{"allow":["GET"]}}],"collection":[{"href":"https:\/\/sirva.dk\/no\/wp-json\/wp\/v2\/pages"}],"about":[{"href":"https:\/\/sirva.dk\/no\/wp-json\/wp\/v2\/types\/page"}],"author":[{"embeddable":true,"href":"https:\/\/sirva.dk\/no\/wp-json\/wp\/v2\/users\/10"}],"replies":[{"embeddable":true,"href":"https:\/\/sirva.dk\/no\/wp-json\/wp\/v2\/comments?post=291"}],"version-history":[{"count":137,"href":"https:\/\/sirva.dk\/no\/wp-json\/wp\/v2\/pages\/291\/revisions"}],"predecessor-version":[{"id":2237,"href":"https:\/\/sirva.dk\/no\/wp-json\/wp\/v2\/pages\/291\/revisions\/2237"}],"wp:attachment":[{"href":"https:\/\/sirva.dk\/no\/wp-json\/wp\/v2\/media?parent=291"}],"curies":[{"name":"wp","href":"https:\/\/api.w.org\/{rel}","templated":true}]}}