{"id":35,"date":"2023-06-30T14:27:55","date_gmt":"2023-06-30T12:27:55","guid":{"rendered":"https:\/\/sirva.dk\/?page_id=35"},"modified":"2024-03-08T14:08:12","modified_gmt":"2024-03-08T13:08:12","slug":"relocation","status":"publish","type":"page","link":"https:\/\/sirva.dk\/no\/relocation","title":{"rendered":"Relocation"},"content":{"rendered":"\n<div id=\"block_323c9b989e514dbcde60723626c590bb\" class=\"block-header alignwide\">\n\t<div class=\"box box--left dark-blue\">\n\t\t\t\t\t<h2>VI HJELPER DEG MED ETABLERING I NYTT LAND<\/h2>\n\t\t\t\t\t\t\t<p class=\"sub-section-heading\">Sirva tilbyr hjelp med alle aspekter av din relocation, inkludert Visa- og Immigrasjonstjenester samt ulike Destinasjonstjenester. V\u00e5rt relocationteam er her for \u00e5 st\u00f8tte og veilede deg gjennom hele prosessen, enten du representerer en bedrift eller er en privatperson.<\/p>\n\t\t\t\t\t<\/div>\n\t<div class=\"box box--right\">\n\t\t\t\t\t<img loading=\"lazy\" decoding=\"async\" width=\"600\" height=\"400\" src=\"https:\/\/sirva.dk\/content\/2023\/07\/customer-17-600x400.jpg\" class=\"attachment-header size-header\" alt=\"\" srcset=\"https:\/\/sirva.dk\/content\/2023\/07\/customer-17-600x400.jpg 600w, https:\/\/sirva.dk\/content\/2023\/07\/customer-17-300x200.jpg 300w, https:\/\/sirva.dk\/content\/2023\/07\/customer-17-590x393.jpg 590w, https:\/\/sirva.dk\/content\/2023\/07\/customer-17-768x512.jpg 768w, https:\/\/sirva.dk\/content\/2023\/07\/customer-17-1536x1024.jpg 1536w, https:\/\/sirva.dk\/content\/2023\/07\/customer-17-2048x1366.jpg 2048w, https:\/\/sirva.dk\/content\/2023\/07\/customer-17-100x67.jpg 100w\" sizes=\"auto, (max-width: 600px) 100vw, 600px\" \/>\t\t\t<\/div>\n<\/div>\n\n\n\n<p class=\"has-medium-font-size\">Uansett om du flytter til et naboland eller en annen del av verden, har Sirva lokal tilstedev\u00e6relse og kan tilby et bredt spekter av flyttetjenester. Enten du kommer til Danmark for en kort eller lengre periode, eller om du blir utstasjonert i utlandet, har vi den lokale ekspertisen i alle land som er n\u00f8dvendig for \u00e5 gi deg riktig r\u00e5dgivning underveis og hjelpe med praktisk gjennomf\u00f8ring.<\/p>\n\n\n\n<p class=\"has-medium-font-size\">V\u00e5r omfattende erfaring innen bransjen har gitt oss h\u00f8y kompetanse og ekspertise p\u00e5 omr\u00e5det, noe som gir deg den n\u00f8dvendige tryggheten n\u00e5r du skal flytte. V\u00e5re tjenester innen flyttegods g\u00e5r h\u00e5nd i h\u00e5nd med v\u00e5re flyttetjenester, og vi bist\u00e5r deg gjennom hele prosessen.<\/p>\n\n\n\n<p class=\"has-medium-font-size\">Nedenfor kan du lese mer om v\u00e5re mest brukte tjenester.<\/p>\n\n\n\n<div id=\"block_949030de44a8f9dfa50fe3b59b603035\" class=\"block-content alignwide\">\n\n\t<div class=\"wrapper\">\n\t\t<div class=\"text-media-right\">\n\t\t\t<div class=\"content\">\n\t\t\t\t\t\t\t\t\t<h2 style=\"color:#B043EF\">VISUM OG IMMIGRASJON<\/h2>\n\t\t\t\t\t\t\t\t\t\t\t\t\t<div style=\"--link-color: #B043EF\">\n\t\t\t\t\t\t<p>For ikke-EU-borgere tilbyr Sirvas immigrasjonsspesialister \u00e5 f\u00f8lge b\u00e5de arbeidsgiveren og medarbeideren gjennom hele prosessen med \u00e5 forberede og sende inn s\u00f8knader om arbeids- og oppholdstillatelser. Dette inkluderer vurdering av hvilken type arbeids- og oppholdstillatelse som er passende for den foresl\u00e5tte arbeidsavtalen, med hensyn til faktorer som stillingstittel, funksjon, l\u00f8nnsniv\u00e5 og geografisk plassering. Vi hjelper ogs\u00e5 med \u00e5 samle inn alle n\u00f8dvendige dokumenter, h\u00e5ndtere statlige gebyrer, fylle ut s\u00f8knadsskjemaer og sende inn s\u00f8knader.<\/p>\n<p>Sirva tilbyr ogs\u00e5 assistanse til borgere fra EU\/E\u00d8S-landene, Sveits og de nordiske landene med deres juridiske registrering i Danmark.<\/p>\n<p>Vi hjelper:<\/p>\n<ul>\n<li>Tredjelandsborgere<\/li>\n<li>EU-borgere<\/li>\n<li>Nordiske borgere<\/li>\n<\/ul>\n\t\t\t\t\t<\/div>\n\t\t\t\t\t\t\t\t\t\t\t<\/div>\n\t\t\t<div class=\"media\" style=\"background-image:url('https:\/\/sirva.dk\/content\/2023\/07\/customer-18.jpg')\">\n\t\t\t<\/div>\n\t\t<\/div>\n\t<\/div>\n<\/div>\n\n\n\n<div id=\"block_ea281bbe4dfa46da1c8e97716b35f44f\" class=\"block-content alignwide\">\n\n\t<div class=\"wrapper\">\n\t\t<div class=\"text-media-left\">\n\t\t\t<div class=\"content\">\n\t\t\t\t\t\t\t\t\t<h2 style=\"color:#B043EF\">BOLIGS\u00d8K<\/h2>\n\t\t\t\t\t\t\t\t\t\t\t\t\t<div style=\"--link-color: #B043EF\">\n\t\t\t\t\t\t<p>Sirva koordinerer boligs\u00f8ket ved hjelp av v\u00e5r erfaring, b\u00e5de i Danmark og internasjonalt, gjennom et omfattende nettverk. Vi guider deg og din familie gjennom hele boligprosessen, det vil si at vi hjelper med alt fra \u00e5 finne den passende boligen til \u00e5 bist\u00e5 under forhandlinger om leieavtalen<\/p>\n\t\t\t\t\t<\/div>\n\t\t\t\t\t\t\t\t\t\t\t<\/div>\n\t\t\t<div class=\"media\" style=\"background-image:url('https:\/\/sirva.dk\/content\/2023\/07\/customer-12.jpg')\">\n\t\t\t<\/div>\n\t\t<\/div>\n\t<\/div>\n<\/div>\n\n\n\n<div id=\"block_e640247667f8ac56ae71516f860a8da0\" class=\"block-content alignwide\">\n\n\t<div class=\"wrapper\">\n\t\t<div class=\"text-media-right\">\n\t\t\t<div class=\"content\">\n\t\t\t\t\t\t\t\t\t<h2 style=\"color:#B043EF\">MIDLERTIDIG BOLIG<\/h2>\n\t\t\t\t\t\t\t\t\t\t\t\t\t<div style=\"--link-color: #B043EF\">\n\t\t\t\t\t\t<p>Sirva har et etablert nettverk av b\u00e5de store globale og regionale tilbydere av midlertidige boligalternativer. Derfor er vi alltid klare til \u00e5 hjelpe deg med \u00e5 koordinere ditt midlertidige opphold, enten det er i Danmark eller andre steder i verden.<\/p>\n\t\t\t\t\t<\/div>\n\t\t\t\t\t\t\t\t\t\t\t<\/div>\n\t\t\t<div class=\"media\" style=\"background-image:url('https:\/\/sirva.dk\/content\/2023\/07\/customer-5.jpg')\">\n\t\t\t<\/div>\n\t\t<\/div>\n\t<\/div>\n<\/div>\n\n\n\n<div id=\"block_10a22c99932f661af73fab06e9ad1580\" class=\"block-content alignwide\">\n\n\t<div class=\"wrapper\">\n\t\t<div class=\"text-media-left\">\n\t\t\t<div class=\"content\">\n\t\t\t\t\t\t\t\t\t<h2 style=\"color:#B043EF\">ETABLERING<\/h2>\n\t\t\t\t\t\t\t\t\t\t\t\t\t<div style=\"--link-color: #B043EF\">\n\t\t\t\t\t\t<p>Vi gir ogs\u00e5 informasjon og r\u00e5dgivning etter din ankomst til ditt nye sted. Dette tilpasses selvf\u00f8lgelig dine behov og stedet du skal flytte til. Dette inkluderer informasjon om banktjenester, helsetjenester, f\u00f8rerkort og forsikringer, blant annet. Hovedm\u00e5let er \u00e5 hjelpe medarbeidere og deres familier med \u00e5 etablere seg s\u00e5 raskt som mulig i sitt nye milj\u00f8.<\/p>\n\t\t\t\t\t<\/div>\n\t\t\t\t\t\t\t\t\t\t\t<\/div>\n\t\t\t<div class=\"media\" style=\"background-image:url('https:\/\/sirva.dk\/content\/2023\/07\/customer-25.jpg')\">\n\t\t\t<\/div>\n\t\t<\/div>\n\t<\/div>\n<\/div>\n\n\n\n<div id=\"block_a31c66d80acaf5c591f3fe7ab266ce3f\" class=\"block-content alignwide\">\n\n\t<div class=\"wrapper\">\n\t\t<div class=\"text-media-right\">\n\t\t\t<div class=\"content\">\n\t\t\t\t\t\t\t\t\t<h2 style=\"color:#B043EF\">VI TILBYR OGS\u00c5 TJENSTER SOM:<\/h2>\n\t\t\t\t\t\t\t\t\t\t\t\t\t<div style=\"--link-color: #B043EF\">\n\t\t\t\t\t\t<ul>\n<li>Orienteringsturer<\/li>\n<li>Lokal registrering<\/li>\n<li>Boligs\u00f8k &#8211; langsiktig<\/li>\n<li>Skole- og barnehages\u00f8k<\/li>\n<li>\u00c5pning av bankkonto<\/li>\n<li>Assistanse ved hjemreise, adresseendring, postomadressering, avregistrering og tilbakelevering av bolig<\/li>\n<\/ul>\n\t\t\t\t\t<\/div>\n\t\t\t\t\t\t\t\t\t\t\t\t\t<a class=\"button\" style=\"--button-content-color: #B043EF\" href=\"\/kontakt\" target=\"_self\">Kontakt os<\/a>\n\t\t\t\t\t\t\t<\/div>\n\t\t\t<div class=\"media\" style=\"background-image:url('https:\/\/sirva.dk\/content\/2023\/07\/workforce-16.jpg')\">\n\t\t\t<\/div>\n\t\t<\/div>\n\t<\/div>\n<\/div>\n\n\n","protected":false},"excerpt":{"rendered":"<p>Uansett om du flytter til et naboland eller en annen del av verden, har Sirva lokal tilstedev\u00e6relse og kan tilby et bredt [\u2026]<\/p>\n","protected":false},"author":10,"featured_media":0,"parent":0,"menu_order":0,"comment_status":"closed","ping_status":"closed","template":"","meta":{"footnotes":""},"class_list":["post-35","page","type-page","status-publish","hentry"],"acf":[],"yoast_head":"<!-- This site is optimized with the Yoast SEO plugin v27.1.1 - https:\/\/yoast.com\/product\/yoast-seo-wordpress\/ -->\n<title>Relocation - Sirva<\/title>\n<meta name=\"robots\" content=\"index, follow, max-snippet:-1, max-image-preview:large, max-video-preview:-1\" \/>\n<link rel=\"canonical\" href=\"https:\/\/sirva.dk\/no\/relocation\" \/>\n<meta property=\"og:locale\" content=\"nb_NO\" \/>\n<meta property=\"og:type\" content=\"article\" \/>\n<meta property=\"og:title\" content=\"Relocation - Sirva\" \/>\n<meta property=\"og:description\" content=\"Uansett om du flytter til et naboland eller en annen del av verden, har Sirva lokal tilstedev\u00e6relse og kan tilby et bredt [\u2026]\" \/>\n<meta property=\"og:url\" content=\"https:\/\/sirva.dk\/no\/relocation\" \/>\n<meta property=\"og:site_name\" content=\"Sirva\" \/>\n<meta property=\"article:publisher\" content=\"https:\/\/www.facebook.com\/SIRVAWorldwide\/\" \/>\n<meta property=\"article:modified_time\" content=\"2024-03-08T13:08:12+00:00\" \/>\n<meta name=\"twitter:card\" content=\"summary_large_image\" \/>\n<meta name=\"twitter:label1\" content=\"Ansl. lesetid\" \/>\n\t<meta name=\"twitter:data1\" content=\"1 minutt\" \/>\n<script type=\"application\/ld+json\" class=\"yoast-schema-graph\">{\"@context\":\"https:\/\/schema.org\",\"@graph\":[{\"@type\":\"WebPage\",\"@id\":\"https:\/\/sirva.dk\/no\/relocation\",\"url\":\"https:\/\/sirva.dk\/no\/relocation\",\"name\":\"Relocation - Sirva\",\"isPartOf\":{\"@id\":\"https:\/\/sirva.dk\/en\/#website\"},\"datePublished\":\"2023-06-30T12:27:55+00:00\",\"dateModified\":\"2024-03-08T13:08:12+00:00\",\"breadcrumb\":{\"@id\":\"https:\/\/sirva.dk\/no\/relocation#breadcrumb\"},\"inLanguage\":\"nb-NO\",\"potentialAction\":[{\"@type\":\"ReadAction\",\"target\":[\"https:\/\/sirva.dk\/no\/relocation\"]}]},{\"@type\":\"BreadcrumbList\",\"@id\":\"https:\/\/sirva.dk\/no\/relocation#breadcrumb\",\"itemListElement\":[{\"@type\":\"ListItem\",\"position\":1,\"name\":\"Home\",\"item\":\"https:\/\/sirva.dk\/no\/forside\"},{\"@type\":\"ListItem\",\"position\":2,\"name\":\"Relocation\"}]},{\"@type\":\"WebSite\",\"@id\":\"https:\/\/sirva.dk\/en\/#website\",\"url\":\"https:\/\/sirva.dk\/en\/\",\"name\":\"https:\/\/sirva.dk\/\",\"description\":\"Nasjonal\/Internasjonalt flyttebyr\u00e5, lagring og- relocations \u2013 tjenester\",\"publisher\":{\"@id\":\"https:\/\/sirva.dk\/en\/#organization\"},\"potentialAction\":[{\"@type\":\"SearchAction\",\"target\":{\"@type\":\"EntryPoint\",\"urlTemplate\":\"https:\/\/sirva.dk\/en\/?s={search_term_string}\"},\"query-input\":{\"@type\":\"PropertyValueSpecification\",\"valueRequired\":true,\"valueName\":\"search_term_string\"}}],\"inLanguage\":\"nb-NO\"},{\"@type\":\"Organization\",\"@id\":\"https:\/\/sirva.dk\/en\/#organization\",\"name\":\"https:\/\/sirva.dk\/\",\"url\":\"https:\/\/sirva.dk\/en\/\",\"logo\":{\"@type\":\"ImageObject\",\"inLanguage\":\"nb-NO\",\"@id\":\"https:\/\/sirva.dk\/en\/#\/schema\/logo\/image\/\",\"url\":\"https:\/\/sirva.dk\/content\/2023\/10\/sirva-google-logo.jpg\",\"contentUrl\":\"https:\/\/sirva.dk\/content\/2023\/10\/sirva-google-logo.jpg\",\"width\":200,\"height\":200,\"caption\":\"https:\/\/sirva.dk\/\"},\"image\":{\"@id\":\"https:\/\/sirva.dk\/en\/#\/schema\/logo\/image\/\"},\"sameAs\":[\"https:\/\/www.facebook.com\/SIRVAWorldwide\/\",\"https:\/\/www.linkedin.com\/company\/sirva\/\"]}]}<\/script>\n<!-- \/ Yoast SEO plugin. -->","yoast_head_json":{"title":"Relocation - Sirva","robots":{"index":"index","follow":"follow","max-snippet":"max-snippet:-1","max-image-preview":"max-image-preview:large","max-video-preview":"max-video-preview:-1"},"canonical":"https:\/\/sirva.dk\/no\/relocation","og_locale":"nb_NO","og_type":"article","og_title":"Relocation - Sirva","og_description":"Uansett om du flytter til et naboland eller en annen del av verden, har Sirva lokal tilstedev\u00e6relse og kan tilby et bredt [\u2026]","og_url":"https:\/\/sirva.dk\/no\/relocation","og_site_name":"Sirva","article_publisher":"https:\/\/www.facebook.com\/SIRVAWorldwide\/","article_modified_time":"2024-03-08T13:08:12+00:00","twitter_card":"summary_large_image","twitter_misc":{"Ansl. lesetid":"1 minutt"},"schema":{"@context":"https:\/\/schema.org","@graph":[{"@type":"WebPage","@id":"https:\/\/sirva.dk\/no\/relocation","url":"https:\/\/sirva.dk\/no\/relocation","name":"Relocation - Sirva","isPartOf":{"@id":"https:\/\/sirva.dk\/en\/#website"},"datePublished":"2023-06-30T12:27:55+00:00","dateModified":"2024-03-08T13:08:12+00:00","breadcrumb":{"@id":"https:\/\/sirva.dk\/no\/relocation#breadcrumb"},"inLanguage":"nb-NO","potentialAction":[{"@type":"ReadAction","target":["https:\/\/sirva.dk\/no\/relocation"]}]},{"@type":"BreadcrumbList","@id":"https:\/\/sirva.dk\/no\/relocation#breadcrumb","itemListElement":[{"@type":"ListItem","position":1,"name":"Home","item":"https:\/\/sirva.dk\/no\/forside"},{"@type":"ListItem","position":2,"name":"Relocation"}]},{"@type":"WebSite","@id":"https:\/\/sirva.dk\/en\/#website","url":"https:\/\/sirva.dk\/en\/","name":"https:\/\/sirva.dk\/","description":"Nasjonal\/Internasjonalt flyttebyr\u00e5, lagring og- relocations \u2013 tjenester","publisher":{"@id":"https:\/\/sirva.dk\/en\/#organization"},"potentialAction":[{"@type":"SearchAction","target":{"@type":"EntryPoint","urlTemplate":"https:\/\/sirva.dk\/en\/?s={search_term_string}"},"query-input":{"@type":"PropertyValueSpecification","valueRequired":true,"valueName":"search_term_string"}}],"inLanguage":"nb-NO"},{"@type":"Organization","@id":"https:\/\/sirva.dk\/en\/#organization","name":"https:\/\/sirva.dk\/","url":"https:\/\/sirva.dk\/en\/","logo":{"@type":"ImageObject","inLanguage":"nb-NO","@id":"https:\/\/sirva.dk\/en\/#\/schema\/logo\/image\/","url":"https:\/\/sirva.dk\/content\/2023\/10\/sirva-google-logo.jpg","contentUrl":"https:\/\/sirva.dk\/content\/2023\/10\/sirva-google-logo.jpg","width":200,"height":200,"caption":"https:\/\/sirva.dk\/"},"image":{"@id":"https:\/\/sirva.dk\/en\/#\/schema\/logo\/image\/"},"sameAs":["https:\/\/www.facebook.com\/SIRVAWorldwide\/","https:\/\/www.linkedin.com\/company\/sirva\/"]}]}},"_links":{"self":[{"href":"https:\/\/sirva.dk\/no\/wp-json\/wp\/v2\/pages\/35","targetHints":{"allow":["GET"]}}],"collection":[{"href":"https:\/\/sirva.dk\/no\/wp-json\/wp\/v2\/pages"}],"about":[{"href":"https:\/\/sirva.dk\/no\/wp-json\/wp\/v2\/types\/page"}],"author":[{"embeddable":true,"href":"https:\/\/sirva.dk\/no\/wp-json\/wp\/v2\/users\/10"}],"replies":[{"embeddable":true,"href":"https:\/\/sirva.dk\/no\/wp-json\/wp\/v2\/comments?post=35"}],"version-history":[{"count":147,"href":"https:\/\/sirva.dk\/no\/wp-json\/wp\/v2\/pages\/35\/revisions"}],"predecessor-version":[{"id":2417,"href":"https:\/\/sirva.dk\/no\/wp-json\/wp\/v2\/pages\/35\/revisions\/2417"}],"wp:attachment":[{"href":"https:\/\/sirva.dk\/no\/wp-json\/wp\/v2\/media?parent=35"}],"curies":[{"name":"wp","href":"https:\/\/api.w.org\/{rel}","templated":true}]}}