{"id":404,"date":"2023-07-06T14:00:59","date_gmt":"2023-07-06T12:00:59","guid":{"rendered":"https:\/\/sirva.dk\/?page_id=404"},"modified":"2024-03-08T14:08:13","modified_gmt":"2024-03-08T13:08:13","slug":"var-historie","status":"publish","type":"page","link":"https:\/\/sirva.dk\/no\/om-sirva\/var-historie","title":{"rendered":"V\u00e5r historie"},"content":{"rendered":"\n<div id=\"block_fa59eb02102649abc1678d2e2bcfbdf6\" class=\"block-header alignwide\">\n\t<div class=\"box box--left dark-blue\">\n\t\t\t\t\t<h2>V\u00e5r historie<\/h2>\n\t\t\t\t\t\t\t<\/div>\n\t<div class=\"box box--right\">\n\t\t\t<\/div>\n<\/div>\n\n\n\n<p><\/p>\n\n\n\n<div id=\"block_7a2e15bf3ac02c500c858c1c203247ba\" class=\"block-content alignwide\">\n\n\t<div class=\"wrapper\">\n\t\t<div class=\"text-media-right\">\n\t\t\t<div class=\"content\">\n\t\t\t\t\t\t\t\t\t<h2 style=\"color:#120052\">ET SELSKAP MED EN HISTORIE<\/h2>\n\t\t\t\t\t\t\t\t\t\t\t\t\t<div style=\"--link-color: #120052\">\n\t\t\t\t\t\t<div class=\"group w-full text-token-text-primary border-b border-black\/10 gizmo:border-0 dark:border-gray-900\/50 gizmo:dark:border-0 bg-gray-50 gizmo:bg-transparent dark:bg-[#444654] gizmo:dark:bg-transparent\" data-testid=\"conversation-turn-13\">\n<div class=\"p-4 justify-center text-base md:gap-6 md:py-6 m-auto\">\n<div class=\"flex flex-1 gap-4 text-base mx-auto md:gap-6 md:max-w-2xl lg:max-w-[38rem] xl:max-w-3xl }\">\n<div class=\"relative flex w-[calc(100%-50px)] flex-col gap-1 md:gap-3 lg:w-[calc(100%-115px)]\">\n<div class=\"flex flex-grow flex-col gap-3 max-w-full\">\n<div class=\"min-h-[20px] flex flex-col items-start gap-3 overflow-x-auto whitespace-pre-wrap break-words\">\n<div class=\"markdown prose w-full break-words dark:prose-invert light\">\n<p>Sirva, tidligere kjent som ADAM Transport &amp; Team Relocations, har v\u00e6rt involvert i profesjonell flytting i over 130 \u00e5r. Selskapet ble grunnlagt av CB Ingwersen i 1884 og begynte som en postdistribut\u00f8r. I forbindelse med verdensutstillingen i K\u00f8benhavn i 1888 ble det lagt til hjul da ADAM begynte \u00e5 transportere bes\u00f8kende i sm\u00e5 vogner. Gjennom \u00e5rene har selskapet gjennomg\u00e5tt ulike endringer, inkludert oppkj\u00f8p og sammensl\u00e5inger, som har brakt oss dit vi er i dag.<\/p>\n<\/div>\n<\/div>\n<\/div>\n<\/div>\n<\/div>\n<\/div>\n<\/div>\n\t\t\t\t\t<\/div>\n\t\t\t\t\t\t\t\t\t\t\t<\/div>\n\t\t\t<div class=\"media\" style=\"background-image:url('https:\/\/sirva.dk\/content\/2023\/09\/bill-3-e1695192681301.jpg')\">\n\t\t\t<\/div>\n\t\t<\/div>\n\t<\/div>\n<\/div>\n\n\n\n<div id=\"block_a3371353b1ec6697d882ce2e7755655f\" class=\"block-content alignwide\">\n\n\t<div class=\"wrapper\">\n\t\t<div class=\"text-media-left\">\n\t\t\t<div class=\"content\">\n\t\t\t\t\t\t\t\t\t<h2 style=\"color:#120052\">Vi ser fremover<\/h2>\n\t\t\t\t\t\t\t\t\t\t\t\t\t<div style=\"--link-color: #120052\">\n\t\t\t\t\t\t<div class=\"group w-full text-token-text-primary border-b border-black\/10 gizmo:border-0 dark:border-gray-900\/50 gizmo:dark:border-0 bg-gray-50 gizmo:bg-transparent dark:bg-[#444654] gizmo:dark:bg-transparent\" data-testid=\"conversation-turn-11\">\n<div class=\"p-4 justify-center text-base md:gap-6 md:py-6 m-auto\">\n<div class=\"flex flex-1 gap-4 text-base mx-auto md:gap-6 md:max-w-2xl lg:max-w-[38rem] xl:max-w-3xl }\">\n<div class=\"relative flex w-[calc(100%-50px)] flex-col gap-1 md:gap-3 lg:w-[calc(100%-115px)]\">\n<div class=\"flex flex-grow flex-col gap-3 max-w-full\">\n<div class=\"min-h-[20px] flex flex-col items-start gap-3 overflow-x-auto whitespace-pre-wrap break-words\">\n<div class=\"markdown prose w-full break-words dark:prose-invert light\">\n<p>I 2007 bestemte den europeiske konsernen Team Relocations seg for \u00e5 kj\u00f8pe ADAM Transport. I Danmark fortsatte vi \u00e5 operere under navnet ADAM i flere \u00e5r, men i 2011 endret vi navnet v\u00e5rt til Team Relocations. V\u00e5r globale tilstedev\u00e6relse ble ytterligere styrket i 2018 da det ledende globale selskapet Sirva Inc. bestemte seg for \u00e5 kj\u00f8pe hele Team Relocations-gruppen for \u00e5 forbedre sin posisjon i Europa. Dette har f\u00f8rt til at vi i dag er en del av et globalt konsern med 4 954 ansatte som opererer i over 190 land.<\/p>\n<\/div>\n<\/div>\n<\/div>\n<\/div>\n<\/div>\n<\/div>\n<\/div>\n\t\t\t\t\t<\/div>\n\t\t\t\t\t\t\t\t\t\t\t<\/div>\n\t\t\t<div class=\"media\" style=\"background-image:url('https:\/\/sirva.dk\/content\/2023\/07\/customer-18.jpg')\">\n\t\t\t<\/div>\n\t\t<\/div>\n\t<\/div>\n<\/div>\n\n\n\n<blockquote class=\"wp-block-quote is-layout-flow wp-block-quote-is-layout-flow\">\n<p>Som en ledende global virksomhet innen relokasjon og flytting tilbyr vi skreddersydde l\u00f8sninger, omfattende global dekning, avansert teknologi og en sterk forsyningskjede. Vi betrakter oss selv som det beste, mest innovative og profesjonelle flytte- og relokasjonsselskapet, og v\u00e5rt m\u00e5l er alltid \u00e5 v\u00e6re kundens f\u00f8rstevalg.<\/p>\n<\/blockquote>\n","protected":false},"excerpt":{"rendered":"<p>Som en ledende global virksomhet innen relokasjon og flytting tilbyr vi skreddersydde l\u00f8sninger, omfattende global dekning, avansert teknologi og en sterk forsyningskjede. [\u2026]<\/p>\n","protected":false},"author":10,"featured_media":0,"parent":291,"menu_order":0,"comment_status":"closed","ping_status":"closed","template":"","meta":{"footnotes":""},"class_list":["post-404","page","type-page","status-publish","hentry"],"acf":[],"yoast_head":"<!-- This site is optimized with the Yoast SEO plugin v27.1.1 - https:\/\/yoast.com\/product\/yoast-seo-wordpress\/ -->\n<title>V\u00e5r historie - Sirva<\/title>\n<meta name=\"robots\" content=\"index, follow, max-snippet:-1, max-image-preview:large, max-video-preview:-1\" \/>\n<link rel=\"canonical\" href=\"https:\/\/sirva.dk\/no\/om-sirva\/var-historie\" \/>\n<meta property=\"og:locale\" content=\"nb_NO\" \/>\n<meta property=\"og:type\" content=\"article\" \/>\n<meta property=\"og:title\" content=\"V\u00e5r historie - Sirva\" \/>\n<meta property=\"og:description\" content=\"Som en ledende global virksomhet innen relokasjon og flytting tilbyr vi skreddersydde l\u00f8sninger, omfattende global dekning, avansert teknologi og en sterk forsyningskjede. [\u2026]\" \/>\n<meta property=\"og:url\" content=\"https:\/\/sirva.dk\/no\/om-sirva\/var-historie\" \/>\n<meta property=\"og:site_name\" content=\"Sirva\" \/>\n<meta property=\"article:publisher\" content=\"https:\/\/www.facebook.com\/SIRVAWorldwide\/\" \/>\n<meta property=\"article:modified_time\" content=\"2024-03-08T13:08:13+00:00\" \/>\n<meta name=\"twitter:card\" content=\"summary_large_image\" \/>\n<script type=\"application\/ld+json\" class=\"yoast-schema-graph\">{\"@context\":\"https:\/\/schema.org\",\"@graph\":[{\"@type\":\"WebPage\",\"@id\":\"https:\/\/sirva.dk\/no\/om-sirva\/var-historie\",\"url\":\"https:\/\/sirva.dk\/no\/om-sirva\/var-historie\",\"name\":\"V\u00e5r historie - Sirva\",\"isPartOf\":{\"@id\":\"https:\/\/sirva.dk\/en\/#website\"},\"datePublished\":\"2023-07-06T12:00:59+00:00\",\"dateModified\":\"2024-03-08T13:08:13+00:00\",\"breadcrumb\":{\"@id\":\"https:\/\/sirva.dk\/no\/om-sirva\/var-historie#breadcrumb\"},\"inLanguage\":\"nb-NO\",\"potentialAction\":[{\"@type\":\"ReadAction\",\"target\":[\"https:\/\/sirva.dk\/no\/om-sirva\/var-historie\"]}]},{\"@type\":\"BreadcrumbList\",\"@id\":\"https:\/\/sirva.dk\/no\/om-sirva\/var-historie#breadcrumb\",\"itemListElement\":[{\"@type\":\"ListItem\",\"position\":1,\"name\":\"Home\",\"item\":\"https:\/\/sirva.dk\/no\/forside\"},{\"@type\":\"ListItem\",\"position\":2,\"name\":\"Om Sirva\",\"item\":\"https:\/\/sirva.dk\/no\/om-sirva\"},{\"@type\":\"ListItem\",\"position\":3,\"name\":\"V\u00e5r historie\"}]},{\"@type\":\"WebSite\",\"@id\":\"https:\/\/sirva.dk\/en\/#website\",\"url\":\"https:\/\/sirva.dk\/en\/\",\"name\":\"https:\/\/sirva.dk\/\",\"description\":\"Nasjonal\/Internasjonalt flyttebyr\u00e5, lagring og- relocations \u2013 tjenester\",\"publisher\":{\"@id\":\"https:\/\/sirva.dk\/en\/#organization\"},\"potentialAction\":[{\"@type\":\"SearchAction\",\"target\":{\"@type\":\"EntryPoint\",\"urlTemplate\":\"https:\/\/sirva.dk\/en\/?s={search_term_string}\"},\"query-input\":{\"@type\":\"PropertyValueSpecification\",\"valueRequired\":true,\"valueName\":\"search_term_string\"}}],\"inLanguage\":\"nb-NO\"},{\"@type\":\"Organization\",\"@id\":\"https:\/\/sirva.dk\/en\/#organization\",\"name\":\"https:\/\/sirva.dk\/\",\"url\":\"https:\/\/sirva.dk\/en\/\",\"logo\":{\"@type\":\"ImageObject\",\"inLanguage\":\"nb-NO\",\"@id\":\"https:\/\/sirva.dk\/en\/#\/schema\/logo\/image\/\",\"url\":\"https:\/\/sirva.dk\/content\/2023\/10\/sirva-google-logo.jpg\",\"contentUrl\":\"https:\/\/sirva.dk\/content\/2023\/10\/sirva-google-logo.jpg\",\"width\":200,\"height\":200,\"caption\":\"https:\/\/sirva.dk\/\"},\"image\":{\"@id\":\"https:\/\/sirva.dk\/en\/#\/schema\/logo\/image\/\"},\"sameAs\":[\"https:\/\/www.facebook.com\/SIRVAWorldwide\/\",\"https:\/\/www.linkedin.com\/company\/sirva\/\"]}]}<\/script>\n<!-- \/ Yoast SEO plugin. -->","yoast_head_json":{"title":"V\u00e5r historie - Sirva","robots":{"index":"index","follow":"follow","max-snippet":"max-snippet:-1","max-image-preview":"max-image-preview:large","max-video-preview":"max-video-preview:-1"},"canonical":"https:\/\/sirva.dk\/no\/om-sirva\/var-historie","og_locale":"nb_NO","og_type":"article","og_title":"V\u00e5r historie - Sirva","og_description":"Som en ledende global virksomhet innen relokasjon og flytting tilbyr vi skreddersydde l\u00f8sninger, omfattende global dekning, avansert teknologi og en sterk forsyningskjede. [\u2026]","og_url":"https:\/\/sirva.dk\/no\/om-sirva\/var-historie","og_site_name":"Sirva","article_publisher":"https:\/\/www.facebook.com\/SIRVAWorldwide\/","article_modified_time":"2024-03-08T13:08:13+00:00","twitter_card":"summary_large_image","schema":{"@context":"https:\/\/schema.org","@graph":[{"@type":"WebPage","@id":"https:\/\/sirva.dk\/no\/om-sirva\/var-historie","url":"https:\/\/sirva.dk\/no\/om-sirva\/var-historie","name":"V\u00e5r historie - Sirva","isPartOf":{"@id":"https:\/\/sirva.dk\/en\/#website"},"datePublished":"2023-07-06T12:00:59+00:00","dateModified":"2024-03-08T13:08:13+00:00","breadcrumb":{"@id":"https:\/\/sirva.dk\/no\/om-sirva\/var-historie#breadcrumb"},"inLanguage":"nb-NO","potentialAction":[{"@type":"ReadAction","target":["https:\/\/sirva.dk\/no\/om-sirva\/var-historie"]}]},{"@type":"BreadcrumbList","@id":"https:\/\/sirva.dk\/no\/om-sirva\/var-historie#breadcrumb","itemListElement":[{"@type":"ListItem","position":1,"name":"Home","item":"https:\/\/sirva.dk\/no\/forside"},{"@type":"ListItem","position":2,"name":"Om Sirva","item":"https:\/\/sirva.dk\/no\/om-sirva"},{"@type":"ListItem","position":3,"name":"V\u00e5r historie"}]},{"@type":"WebSite","@id":"https:\/\/sirva.dk\/en\/#website","url":"https:\/\/sirva.dk\/en\/","name":"https:\/\/sirva.dk\/","description":"Nasjonal\/Internasjonalt flyttebyr\u00e5, lagring og- relocations \u2013 tjenester","publisher":{"@id":"https:\/\/sirva.dk\/en\/#organization"},"potentialAction":[{"@type":"SearchAction","target":{"@type":"EntryPoint","urlTemplate":"https:\/\/sirva.dk\/en\/?s={search_term_string}"},"query-input":{"@type":"PropertyValueSpecification","valueRequired":true,"valueName":"search_term_string"}}],"inLanguage":"nb-NO"},{"@type":"Organization","@id":"https:\/\/sirva.dk\/en\/#organization","name":"https:\/\/sirva.dk\/","url":"https:\/\/sirva.dk\/en\/","logo":{"@type":"ImageObject","inLanguage":"nb-NO","@id":"https:\/\/sirva.dk\/en\/#\/schema\/logo\/image\/","url":"https:\/\/sirva.dk\/content\/2023\/10\/sirva-google-logo.jpg","contentUrl":"https:\/\/sirva.dk\/content\/2023\/10\/sirva-google-logo.jpg","width":200,"height":200,"caption":"https:\/\/sirva.dk\/"},"image":{"@id":"https:\/\/sirva.dk\/en\/#\/schema\/logo\/image\/"},"sameAs":["https:\/\/www.facebook.com\/SIRVAWorldwide\/","https:\/\/www.linkedin.com\/company\/sirva\/"]}]}},"_links":{"self":[{"href":"https:\/\/sirva.dk\/no\/wp-json\/wp\/v2\/pages\/404","targetHints":{"allow":["GET"]}}],"collection":[{"href":"https:\/\/sirva.dk\/no\/wp-json\/wp\/v2\/pages"}],"about":[{"href":"https:\/\/sirva.dk\/no\/wp-json\/wp\/v2\/types\/page"}],"author":[{"embeddable":true,"href":"https:\/\/sirva.dk\/no\/wp-json\/wp\/v2\/users\/10"}],"replies":[{"embeddable":true,"href":"https:\/\/sirva.dk\/no\/wp-json\/wp\/v2\/comments?post=404"}],"version-history":[{"count":59,"href":"https:\/\/sirva.dk\/no\/wp-json\/wp\/v2\/pages\/404\/revisions"}],"predecessor-version":[{"id":2432,"href":"https:\/\/sirva.dk\/no\/wp-json\/wp\/v2\/pages\/404\/revisions\/2432"}],"up":[{"embeddable":true,"href":"https:\/\/sirva.dk\/no\/wp-json\/wp\/v2\/pages\/291"}],"wp:attachment":[{"href":"https:\/\/sirva.dk\/no\/wp-json\/wp\/v2\/media?parent=404"}],"curies":[{"name":"wp","href":"https:\/\/api.w.org\/{rel}","templated":true}]}}