{"id":431,"date":"2023-07-11T14:28:54","date_gmt":"2023-07-11T12:28:54","guid":{"rendered":"https:\/\/sirva.dk\/?page_id=431"},"modified":"2024-03-08T14:08:13","modified_gmt":"2024-03-08T13:08:13","slug":"menneskerettigheter","status":"publish","type":"page","link":"https:\/\/sirva.dk\/no\/om-sirva\/menneskerettigheter","title":{"rendered":"Menneske rettigheter"},"content":{"rendered":"\n<pre id=\"tw-target-text\" class=\"wp-block-preformatted\"><\/pre>\n\n\n\n<div id=\"block_eff76857bec80efa4983420964fa2629\" class=\"block-header alignwide\">\n\t<div class=\"box box--left dark-blue\">\n\t\t\t\t\t<h2>Menneskerettigheter<\/h2>\n\t\t\t\t\t\t\t<p class=\"sub-section-heading\">Menneskerettigheter anerkjenner den iboende verdien til hver enkelt person, uavhengig av bakgrunn, hvor vi bor, hvordan vi ser ut, hva vi tenker eller hva vi tror.<\/p>\n\t\t\t\t\t\t\t<a href=\"https:\/\/www.un.org\/en\/about-us\/universal-declaration-of-human-rights\" target=\"_self\">Les mer om menneskerettigheter her<\/a>\n\t\t\t<\/div>\n\t<div class=\"box box--right\">\n\t\t\t\t\t<img loading=\"lazy\" decoding=\"async\" width=\"600\" height=\"400\" src=\"https:\/\/sirva.dk\/content\/2023\/07\/workforce-18-600x400.jpg\" class=\"attachment-header size-header\" alt=\"\" srcset=\"https:\/\/sirva.dk\/content\/2023\/07\/workforce-18-600x400.jpg 600w, https:\/\/sirva.dk\/content\/2023\/07\/workforce-18-300x200.jpg 300w, https:\/\/sirva.dk\/content\/2023\/07\/workforce-18-590x393.jpg 590w, https:\/\/sirva.dk\/content\/2023\/07\/workforce-18-768x512.jpg 768w, https:\/\/sirva.dk\/content\/2023\/07\/workforce-18-1536x1024.jpg 1536w, https:\/\/sirva.dk\/content\/2023\/07\/workforce-18-2048x1366.jpg 2048w, https:\/\/sirva.dk\/content\/2023\/07\/workforce-18-100x67.jpg 100w\" sizes=\"auto, (max-width: 600px) 100vw, 600px\" \/>\t\t\t<\/div>\n<\/div>\n\n\n\n<div id=\"block_9ddadc2ac6e26a94b89c920a9cf9a449\" class=\"block-content alignwide\">\n\n\t<div class=\"wrapper\">\n\t\t<div class=\"text-media-right\">\n\t\t\t<div class=\"content\">\n\t\t\t\t\t\t\t\t\t\t\t\t\t<div style=\"--link-color: #120052\">\n\t\t\t\t\t\t<p>Menneskerettigheter er basert p\u00e5 prinsipper om verdighet, likhet og gjensidig respekt, som deles p\u00e5 tvers av kulturer, religioner og filosofier. De handler om \u00e5 bli behandlet rettferdig, behandle andre rettferdig og ha evnen til \u00e5 ta genuine valg i v\u00e5re daglige liv.<\/p>\n<p>&nbsp;<\/p>\n<p>Respekt for menneskerettigheter er hj\u00f8rnesteinen i sterke samfunn der alle kan bidra og f\u00f8le seg inkludert.<\/p>\n<p>&nbsp;<\/p>\n<p>Verdenserkl\u00e6ringen om menneskerettigheter, vedtatt av De forente nasjoner den 10. desember 1948, fastsetter de grunnleggende rettighetene og frihetene som gjelder for alle mennesker. Utkastet ble utarbeidet i kj\u00f8lvannet av andre verdenskrig, og det har blitt et fundamentalt dokument som har inspirert mange internasjonale lover om menneskerettigheter som er bindende.<\/p>\n\t\t\t\t\t<\/div>\n\t\t\t\t\t\t\t\t\t\t\t<\/div>\n\t\t\t<div class=\"media\" style=\"background-image:url('https:\/\/sirva.dk\/content\/2023\/07\/customer-23.jpg')\">\n\t\t\t<\/div>\n\t\t<\/div>\n\t<\/div>\n<\/div>\n","protected":false},"excerpt":{"rendered":"","protected":false},"author":11,"featured_media":0,"parent":291,"menu_order":0,"comment_status":"closed","ping_status":"closed","template":"","meta":{"footnotes":""},"class_list":["post-431","page","type-page","status-publish","hentry"],"acf":[],"yoast_head":"<!-- This site is optimized with the Yoast SEO plugin v27.1.1 - https:\/\/yoast.com\/product\/yoast-seo-wordpress\/ -->\n<title>Menneske rettigheter - Sirva<\/title>\n<meta name=\"robots\" content=\"index, follow, max-snippet:-1, max-image-preview:large, max-video-preview:-1\" \/>\n<link rel=\"canonical\" href=\"https:\/\/sirva.dk\/no\/om-sirva\/menneskerettigheter\" \/>\n<meta property=\"og:locale\" content=\"nb_NO\" \/>\n<meta property=\"og:type\" content=\"article\" \/>\n<meta property=\"og:title\" content=\"Menneske rettigheter - Sirva\" \/>\n<meta property=\"og:url\" content=\"https:\/\/sirva.dk\/no\/om-sirva\/menneskerettigheter\" \/>\n<meta property=\"og:site_name\" content=\"Sirva\" \/>\n<meta property=\"article:publisher\" content=\"https:\/\/www.facebook.com\/SIRVAWorldwide\/\" \/>\n<meta property=\"article:modified_time\" content=\"2024-03-08T13:08:13+00:00\" \/>\n<meta name=\"twitter:card\" content=\"summary_large_image\" \/>\n<script type=\"application\/ld+json\" class=\"yoast-schema-graph\">{\"@context\":\"https:\/\/schema.org\",\"@graph\":[{\"@type\":\"WebPage\",\"@id\":\"https:\/\/sirva.dk\/no\/om-sirva\/menneskerettigheter\",\"url\":\"https:\/\/sirva.dk\/no\/om-sirva\/menneskerettigheter\",\"name\":\"Menneske rettigheter - Sirva\",\"isPartOf\":{\"@id\":\"https:\/\/sirva.dk\/en\/#website\"},\"datePublished\":\"2023-07-11T12:28:54+00:00\",\"dateModified\":\"2024-03-08T13:08:13+00:00\",\"breadcrumb\":{\"@id\":\"https:\/\/sirva.dk\/no\/om-sirva\/menneskerettigheter#breadcrumb\"},\"inLanguage\":\"nb-NO\",\"potentialAction\":[{\"@type\":\"ReadAction\",\"target\":[\"https:\/\/sirva.dk\/no\/om-sirva\/menneskerettigheter\"]}]},{\"@type\":\"BreadcrumbList\",\"@id\":\"https:\/\/sirva.dk\/no\/om-sirva\/menneskerettigheter#breadcrumb\",\"itemListElement\":[{\"@type\":\"ListItem\",\"position\":1,\"name\":\"Home\",\"item\":\"https:\/\/sirva.dk\/no\/forside\"},{\"@type\":\"ListItem\",\"position\":2,\"name\":\"Om Sirva\",\"item\":\"https:\/\/sirva.dk\/no\/om-sirva\"},{\"@type\":\"ListItem\",\"position\":3,\"name\":\"Menneske rettigheter\"}]},{\"@type\":\"WebSite\",\"@id\":\"https:\/\/sirva.dk\/en\/#website\",\"url\":\"https:\/\/sirva.dk\/en\/\",\"name\":\"https:\/\/sirva.dk\/\",\"description\":\"Nasjonal\/Internasjonalt flyttebyr\u00e5, lagring og- relocations \u2013 tjenester\",\"publisher\":{\"@id\":\"https:\/\/sirva.dk\/en\/#organization\"},\"potentialAction\":[{\"@type\":\"SearchAction\",\"target\":{\"@type\":\"EntryPoint\",\"urlTemplate\":\"https:\/\/sirva.dk\/en\/?s={search_term_string}\"},\"query-input\":{\"@type\":\"PropertyValueSpecification\",\"valueRequired\":true,\"valueName\":\"search_term_string\"}}],\"inLanguage\":\"nb-NO\"},{\"@type\":\"Organization\",\"@id\":\"https:\/\/sirva.dk\/en\/#organization\",\"name\":\"https:\/\/sirva.dk\/\",\"url\":\"https:\/\/sirva.dk\/en\/\",\"logo\":{\"@type\":\"ImageObject\",\"inLanguage\":\"nb-NO\",\"@id\":\"https:\/\/sirva.dk\/en\/#\/schema\/logo\/image\/\",\"url\":\"https:\/\/sirva.dk\/content\/2023\/10\/sirva-google-logo.jpg\",\"contentUrl\":\"https:\/\/sirva.dk\/content\/2023\/10\/sirva-google-logo.jpg\",\"width\":200,\"height\":200,\"caption\":\"https:\/\/sirva.dk\/\"},\"image\":{\"@id\":\"https:\/\/sirva.dk\/en\/#\/schema\/logo\/image\/\"},\"sameAs\":[\"https:\/\/www.facebook.com\/SIRVAWorldwide\/\",\"https:\/\/www.linkedin.com\/company\/sirva\/\"]}]}<\/script>\n<!-- \/ Yoast SEO plugin. -->","yoast_head_json":{"title":"Menneske rettigheter - Sirva","robots":{"index":"index","follow":"follow","max-snippet":"max-snippet:-1","max-image-preview":"max-image-preview:large","max-video-preview":"max-video-preview:-1"},"canonical":"https:\/\/sirva.dk\/no\/om-sirva\/menneskerettigheter","og_locale":"nb_NO","og_type":"article","og_title":"Menneske rettigheter - Sirva","og_url":"https:\/\/sirva.dk\/no\/om-sirva\/menneskerettigheter","og_site_name":"Sirva","article_publisher":"https:\/\/www.facebook.com\/SIRVAWorldwide\/","article_modified_time":"2024-03-08T13:08:13+00:00","twitter_card":"summary_large_image","schema":{"@context":"https:\/\/schema.org","@graph":[{"@type":"WebPage","@id":"https:\/\/sirva.dk\/no\/om-sirva\/menneskerettigheter","url":"https:\/\/sirva.dk\/no\/om-sirva\/menneskerettigheter","name":"Menneske rettigheter - Sirva","isPartOf":{"@id":"https:\/\/sirva.dk\/en\/#website"},"datePublished":"2023-07-11T12:28:54+00:00","dateModified":"2024-03-08T13:08:13+00:00","breadcrumb":{"@id":"https:\/\/sirva.dk\/no\/om-sirva\/menneskerettigheter#breadcrumb"},"inLanguage":"nb-NO","potentialAction":[{"@type":"ReadAction","target":["https:\/\/sirva.dk\/no\/om-sirva\/menneskerettigheter"]}]},{"@type":"BreadcrumbList","@id":"https:\/\/sirva.dk\/no\/om-sirva\/menneskerettigheter#breadcrumb","itemListElement":[{"@type":"ListItem","position":1,"name":"Home","item":"https:\/\/sirva.dk\/no\/forside"},{"@type":"ListItem","position":2,"name":"Om Sirva","item":"https:\/\/sirva.dk\/no\/om-sirva"},{"@type":"ListItem","position":3,"name":"Menneske rettigheter"}]},{"@type":"WebSite","@id":"https:\/\/sirva.dk\/en\/#website","url":"https:\/\/sirva.dk\/en\/","name":"https:\/\/sirva.dk\/","description":"Nasjonal\/Internasjonalt flyttebyr\u00e5, lagring og- relocations \u2013 tjenester","publisher":{"@id":"https:\/\/sirva.dk\/en\/#organization"},"potentialAction":[{"@type":"SearchAction","target":{"@type":"EntryPoint","urlTemplate":"https:\/\/sirva.dk\/en\/?s={search_term_string}"},"query-input":{"@type":"PropertyValueSpecification","valueRequired":true,"valueName":"search_term_string"}}],"inLanguage":"nb-NO"},{"@type":"Organization","@id":"https:\/\/sirva.dk\/en\/#organization","name":"https:\/\/sirva.dk\/","url":"https:\/\/sirva.dk\/en\/","logo":{"@type":"ImageObject","inLanguage":"nb-NO","@id":"https:\/\/sirva.dk\/en\/#\/schema\/logo\/image\/","url":"https:\/\/sirva.dk\/content\/2023\/10\/sirva-google-logo.jpg","contentUrl":"https:\/\/sirva.dk\/content\/2023\/10\/sirva-google-logo.jpg","width":200,"height":200,"caption":"https:\/\/sirva.dk\/"},"image":{"@id":"https:\/\/sirva.dk\/en\/#\/schema\/logo\/image\/"},"sameAs":["https:\/\/www.facebook.com\/SIRVAWorldwide\/","https:\/\/www.linkedin.com\/company\/sirva\/"]}]}},"_links":{"self":[{"href":"https:\/\/sirva.dk\/no\/wp-json\/wp\/v2\/pages\/431","targetHints":{"allow":["GET"]}}],"collection":[{"href":"https:\/\/sirva.dk\/no\/wp-json\/wp\/v2\/pages"}],"about":[{"href":"https:\/\/sirva.dk\/no\/wp-json\/wp\/v2\/types\/page"}],"author":[{"embeddable":true,"href":"https:\/\/sirva.dk\/no\/wp-json\/wp\/v2\/users\/11"}],"replies":[{"embeddable":true,"href":"https:\/\/sirva.dk\/no\/wp-json\/wp\/v2\/comments?post=431"}],"version-history":[{"count":30,"href":"https:\/\/sirva.dk\/no\/wp-json\/wp\/v2\/pages\/431\/revisions"}],"predecessor-version":[{"id":2090,"href":"https:\/\/sirva.dk\/no\/wp-json\/wp\/v2\/pages\/431\/revisions\/2090"}],"up":[{"embeddable":true,"href":"https:\/\/sirva.dk\/no\/wp-json\/wp\/v2\/pages\/291"}],"wp:attachment":[{"href":"https:\/\/sirva.dk\/no\/wp-json\/wp\/v2\/media?parent=431"}],"curies":[{"name":"wp","href":"https:\/\/api.w.org\/{rel}","templated":true}]}}