{"id":526,"date":"2023-07-12T14:21:59","date_gmt":"2023-07-12T12:21:59","guid":{"rendered":"https:\/\/sirva.dk\/?page_id=526"},"modified":"2024-03-08T14:08:14","modified_gmt":"2024-03-08T13:08:14","slug":"baeredygtighed","status":"publish","type":"page","link":"https:\/\/sirva.dk\/no\/baeredygtighed","title":{"rendered":"B\u00e6rekraft"},"content":{"rendered":"\n<div id=\"block_4cfde8633fff7180f36d3c16106549f5\" class=\"block-header alignwide\">\n\t<div class=\"box box--left dark-blue\">\n\t\t\t\t\t<h2>B\u00e6rekraft<\/h2>\n\t\t\t\t\t\t\t<p class=\"sub-section-heading\">Sirva er engasjert i b\u00e6rekraft og fremtid, og vi \u00f8nsker \u00e5 ta ansvar for milj\u00f8et og samfunnet. Vi arbeider for \u00e5 redusere v\u00e5r p\u00e5virkning og bidra til en bedre verden gjennom v\u00e5re handlinger og tjenester.<\/p>\n\t\t\t\t\t\t\t<a href=\"https:\/\/www.sirva.com\/company\/about-us\" target=\"_blank\">Les mer om b\u00e6rekraft p\u00e5 Sirva.com<\/a>\n\t\t\t<\/div>\n\t<div class=\"box box--right\">\n\t\t\t\t\t<img loading=\"lazy\" decoding=\"async\" width=\"640\" height=\"345\" src=\"https:\/\/sirva.dk\/content\/2023\/07\/customer-1-640x345.jpg\" class=\"attachment-header size-header\" alt=\"\" srcset=\"https:\/\/sirva.dk\/content\/2023\/07\/customer-1-640x345.jpg 640w, https:\/\/sirva.dk\/content\/2023\/07\/customer-1-300x162.jpg 300w, https:\/\/sirva.dk\/content\/2023\/07\/customer-1-590x318.jpg 590w, https:\/\/sirva.dk\/content\/2023\/07\/customer-1-768x414.jpg 768w, https:\/\/sirva.dk\/content\/2023\/07\/customer-1-1536x828.jpg 1536w, https:\/\/sirva.dk\/content\/2023\/07\/customer-1-2048x1103.jpg 2048w, https:\/\/sirva.dk\/content\/2023\/07\/customer-1-100x54.jpg 100w\" sizes=\"auto, (max-width: 640px) 100vw, 640px\" \/>\t\t\t<\/div>\n<\/div>\n\n\n\n<p class=\"has-medium-font-size\">Sirva har som m\u00e5l \u00e5 bidra positivt til milj\u00f8et og samfunnet gjennom b\u00e6rekraftige initiativer. Vi stiller strenge krav til v\u00e5re leverand\u00f8rer om \u00e5 overholde lover og regler, ha en god milj\u00f8politikk, og effektivt redusere avfall og utslipp. Beredskapsplaner m\u00e5 v\u00e6re implementert for \u00e5 h\u00e5ndtere n\u00f8dsituasjoner, og effektiv kommunikasjon er avgj\u00f8rende. Sirva streber etter \u00e5 v\u00e6re en ledende bedrift innen milj\u00f8omr\u00e5det og oppfordrer v\u00e5re leverand\u00f8rer til kontinuerlig fokus p\u00e5 dette omr\u00e5det.<\/p>\n\n\n\n<p class=\"has-medium-font-size\">V\u00e5rt samfunnsansvar inkluderer:<\/p>\n\n\n\n<ul class=\"wp-block-list\">\n<li class=\"has-medium-font-size\">\u00c5 redusere v\u00e5rt klimaavtrykk og beskytte milj\u00f8et.<\/li>\n\n\n\n<li class=\"has-medium-font-size\">\u00c5 fremme mangfold p\u00e5 arbeidsplassen og samarbeide med ulike leverand\u00f8rer.<\/li>\n\n\n\n<li class=\"has-medium-font-size\">\u00c5 utdanne og engasjere v\u00e5re ansatte for \u00f8kt tilfredshet og engasjement.<\/li>\n\n\n\n<li class=\"has-medium-font-size\">\u00c5 st\u00f8tte et trygt og sunt arbeidsmilj\u00f8.<\/li>\n\n\n\n<li class=\"has-medium-font-size\">\u00c5 handle med integritet og etisk ansvar.<\/li>\n<\/ul>\n\n\n\n<p><\/p>\n\n\n\n<div id=\"block_6e315ef1fe2c8477e4c1261c46f46efa\" class=\"block-content alignwide\">\n\n\t<div class=\"wrapper\">\n\t\t<div class=\"text-media-right\">\n\t\t\t<div class=\"content\">\n\t\t\t\t\t\t\t\t\t<h2 style=\"color:#B043EF\">VI TENKER FREMOVER<\/h2>\n\t\t\t\t\t\t\t\t\t\t\t\t\t<div style=\"--link-color: #B043EF\">\n\t\t\t\t\t\t<p>Sirva \u00f8nsker \u00e5 ha en positiv innvirkning p\u00e5 samfunnet og milj\u00f8et gjennom b\u00e6rekraftige initiativer. Vi arbeider for \u00e5 oppn\u00e5 en modell for b\u00e6rekraftig utvikling p\u00e5 tvers av virksomheten.<\/p>\n\t\t\t\t\t<\/div>\n\t\t\t\t\t\t\t\t\t\t\t<\/div>\n\t\t\t<div class=\"media\" style=\"background-image:url('https:\/\/sirva.dk\/content\/2023\/07\/customer-1.jpg')\">\n\t\t\t<\/div>\n\t\t<\/div>\n\t<\/div>\n<\/div>\n\n\n\n<div id=\"block_00ff16a59aa82118de55bc7804e54245\" class=\"block-content alignwide\">\n\n\t<div class=\"wrapper\">\n\t\t<div class=\"text-media-left\">\n\t\t\t<div class=\"content\">\n\t\t\t\t\t\t\t\t\t<h2 style=\"color:#B043EF\">HVA VI \u00d8NSKER \u00c5 OPPN\u00c5<\/h2>\n\t\t\t\t\t\t\t\t\t\t\t\t\t<div style=\"--link-color: #B043EF\">\n\t\t\t\t\t\t<ul>\n<li>Sirva \u00f8nsker \u00e5 implementere milj\u00f8vennlige og b\u00e6rekraftige tiltak i alle deler av v\u00e5r virksomhet.<\/li>\n<li>Vi \u00f8nsker \u00e5 v\u00e6re en leder innen milj\u00f8messig b\u00e6rekraft<\/li>\n<li>Vi oppfordrer leverand\u00f8rer til \u00e5 forbedre milj\u00f8forholdene og overholde gjeldende milj\u00f8lover og -regler.<\/li>\n<\/ul>\n\t\t\t\t\t<\/div>\n\t\t\t\t\t\t\t\t\t\t\t<\/div>\n\t\t\t<div class=\"media\" style=\"background-image:url('https:\/\/sirva.dk\/content\/2023\/07\/workforce-9.jpg')\">\n\t\t\t<\/div>\n\t\t<\/div>\n\t<\/div>\n<\/div>\n\n\n\n<div id=\"block_e248b4a03b522746ac6fc4bb51ab6831\" class=\"block-content alignwide\">\n\n\t<div class=\"wrapper\">\n\t\t<div class=\"text-media-right\">\n\t\t\t<div class=\"content\">\n\t\t\t\t\t\t\t\t\t<h2 style=\"color:#B043EF\">Tiltak<\/h2>\n\t\t\t\t\t\t\t\t\t\t\t\t\t<div style=\"--link-color: #B043EF\">\n\t\t\t\t\t\t<ul>\n<li>Sirva forventer at v\u00e5re underleverand\u00f8rer overholder gjeldende milj\u00f8lover.<\/li>\n<li>Beredskapsplaner og responsprosedyrer skal implementeres for \u00e5 minimere konsekvensene av n\u00f8dsituasjoner.<\/li>\n<\/ul>\n\t\t\t\t\t<\/div>\n\t\t\t\t\t\t\t\t\t\t\t<\/div>\n\t\t\t<div class=\"media\" style=\"background-image:url('https:\/\/sirva.dk\/content\/2023\/07\/workforce-16.jpg')\">\n\t\t\t<\/div>\n\t\t<\/div>\n\t<\/div>\n<\/div>\n","protected":false},"excerpt":{"rendered":"<p>Sirva har som m\u00e5l \u00e5 bidra positivt til milj\u00f8et og samfunnet gjennom b\u00e6rekraftige initiativer. Vi stiller strenge krav til v\u00e5re leverand\u00f8rer om [\u2026]<\/p>\n","protected":false},"author":11,"featured_media":0,"parent":0,"menu_order":0,"comment_status":"closed","ping_status":"closed","template":"","meta":{"footnotes":""},"class_list":["post-526","page","type-page","status-publish","hentry"],"acf":[],"yoast_head":"<!-- This site is optimized with the Yoast SEO plugin v27.1.1 - https:\/\/yoast.com\/product\/yoast-seo-wordpress\/ -->\n<title>B\u00e6rekraft - Sirva<\/title>\n<meta name=\"robots\" content=\"index, follow, max-snippet:-1, max-image-preview:large, max-video-preview:-1\" \/>\n<link rel=\"canonical\" href=\"https:\/\/sirva.dk\/no\/baeredygtighed\" \/>\n<meta property=\"og:locale\" content=\"nb_NO\" \/>\n<meta property=\"og:type\" content=\"article\" \/>\n<meta property=\"og:title\" content=\"B\u00e6rekraft - Sirva\" \/>\n<meta property=\"og:description\" content=\"Sirva har som m\u00e5l \u00e5 bidra positivt til milj\u00f8et og samfunnet gjennom b\u00e6rekraftige initiativer. Vi stiller strenge krav til v\u00e5re leverand\u00f8rer om [\u2026]\" \/>\n<meta property=\"og:url\" content=\"https:\/\/sirva.dk\/no\/baeredygtighed\" \/>\n<meta property=\"og:site_name\" content=\"Sirva\" \/>\n<meta property=\"article:publisher\" content=\"https:\/\/www.facebook.com\/SIRVAWorldwide\/\" \/>\n<meta property=\"article:modified_time\" content=\"2024-03-08T13:08:14+00:00\" \/>\n<meta name=\"twitter:card\" content=\"summary_large_image\" \/>\n<meta name=\"twitter:label1\" content=\"Ansl. lesetid\" \/>\n\t<meta name=\"twitter:data1\" content=\"1 minutt\" \/>\n<script type=\"application\/ld+json\" class=\"yoast-schema-graph\">{\"@context\":\"https:\/\/schema.org\",\"@graph\":[{\"@type\":\"WebPage\",\"@id\":\"https:\/\/sirva.dk\/no\/baeredygtighed\",\"url\":\"https:\/\/sirva.dk\/no\/baeredygtighed\",\"name\":\"B\u00e6rekraft - Sirva\",\"isPartOf\":{\"@id\":\"https:\/\/sirva.dk\/en\/#website\"},\"datePublished\":\"2023-07-12T12:21:59+00:00\",\"dateModified\":\"2024-03-08T13:08:14+00:00\",\"breadcrumb\":{\"@id\":\"https:\/\/sirva.dk\/no\/baeredygtighed#breadcrumb\"},\"inLanguage\":\"nb-NO\",\"potentialAction\":[{\"@type\":\"ReadAction\",\"target\":[\"https:\/\/sirva.dk\/no\/baeredygtighed\"]}]},{\"@type\":\"BreadcrumbList\",\"@id\":\"https:\/\/sirva.dk\/no\/baeredygtighed#breadcrumb\",\"itemListElement\":[{\"@type\":\"ListItem\",\"position\":1,\"name\":\"Home\",\"item\":\"https:\/\/sirva.dk\/no\/forside\"},{\"@type\":\"ListItem\",\"position\":2,\"name\":\"B\u00e6rekraft\"}]},{\"@type\":\"WebSite\",\"@id\":\"https:\/\/sirva.dk\/en\/#website\",\"url\":\"https:\/\/sirva.dk\/en\/\",\"name\":\"https:\/\/sirva.dk\/\",\"description\":\"Nasjonal\/Internasjonalt flyttebyr\u00e5, lagring og- relocations \u2013 tjenester\",\"publisher\":{\"@id\":\"https:\/\/sirva.dk\/en\/#organization\"},\"potentialAction\":[{\"@type\":\"SearchAction\",\"target\":{\"@type\":\"EntryPoint\",\"urlTemplate\":\"https:\/\/sirva.dk\/en\/?s={search_term_string}\"},\"query-input\":{\"@type\":\"PropertyValueSpecification\",\"valueRequired\":true,\"valueName\":\"search_term_string\"}}],\"inLanguage\":\"nb-NO\"},{\"@type\":\"Organization\",\"@id\":\"https:\/\/sirva.dk\/en\/#organization\",\"name\":\"https:\/\/sirva.dk\/\",\"url\":\"https:\/\/sirva.dk\/en\/\",\"logo\":{\"@type\":\"ImageObject\",\"inLanguage\":\"nb-NO\",\"@id\":\"https:\/\/sirva.dk\/en\/#\/schema\/logo\/image\/\",\"url\":\"https:\/\/sirva.dk\/content\/2023\/10\/sirva-google-logo.jpg\",\"contentUrl\":\"https:\/\/sirva.dk\/content\/2023\/10\/sirva-google-logo.jpg\",\"width\":200,\"height\":200,\"caption\":\"https:\/\/sirva.dk\/\"},\"image\":{\"@id\":\"https:\/\/sirva.dk\/en\/#\/schema\/logo\/image\/\"},\"sameAs\":[\"https:\/\/www.facebook.com\/SIRVAWorldwide\/\",\"https:\/\/www.linkedin.com\/company\/sirva\/\"]}]}<\/script>\n<!-- \/ Yoast SEO plugin. -->","yoast_head_json":{"title":"B\u00e6rekraft - Sirva","robots":{"index":"index","follow":"follow","max-snippet":"max-snippet:-1","max-image-preview":"max-image-preview:large","max-video-preview":"max-video-preview:-1"},"canonical":"https:\/\/sirva.dk\/no\/baeredygtighed","og_locale":"nb_NO","og_type":"article","og_title":"B\u00e6rekraft - Sirva","og_description":"Sirva har som m\u00e5l \u00e5 bidra positivt til milj\u00f8et og samfunnet gjennom b\u00e6rekraftige initiativer. Vi stiller strenge krav til v\u00e5re leverand\u00f8rer om [\u2026]","og_url":"https:\/\/sirva.dk\/no\/baeredygtighed","og_site_name":"Sirva","article_publisher":"https:\/\/www.facebook.com\/SIRVAWorldwide\/","article_modified_time":"2024-03-08T13:08:14+00:00","twitter_card":"summary_large_image","twitter_misc":{"Ansl. lesetid":"1 minutt"},"schema":{"@context":"https:\/\/schema.org","@graph":[{"@type":"WebPage","@id":"https:\/\/sirva.dk\/no\/baeredygtighed","url":"https:\/\/sirva.dk\/no\/baeredygtighed","name":"B\u00e6rekraft - Sirva","isPartOf":{"@id":"https:\/\/sirva.dk\/en\/#website"},"datePublished":"2023-07-12T12:21:59+00:00","dateModified":"2024-03-08T13:08:14+00:00","breadcrumb":{"@id":"https:\/\/sirva.dk\/no\/baeredygtighed#breadcrumb"},"inLanguage":"nb-NO","potentialAction":[{"@type":"ReadAction","target":["https:\/\/sirva.dk\/no\/baeredygtighed"]}]},{"@type":"BreadcrumbList","@id":"https:\/\/sirva.dk\/no\/baeredygtighed#breadcrumb","itemListElement":[{"@type":"ListItem","position":1,"name":"Home","item":"https:\/\/sirva.dk\/no\/forside"},{"@type":"ListItem","position":2,"name":"B\u00e6rekraft"}]},{"@type":"WebSite","@id":"https:\/\/sirva.dk\/en\/#website","url":"https:\/\/sirva.dk\/en\/","name":"https:\/\/sirva.dk\/","description":"Nasjonal\/Internasjonalt flyttebyr\u00e5, lagring og- relocations \u2013 tjenester","publisher":{"@id":"https:\/\/sirva.dk\/en\/#organization"},"potentialAction":[{"@type":"SearchAction","target":{"@type":"EntryPoint","urlTemplate":"https:\/\/sirva.dk\/en\/?s={search_term_string}"},"query-input":{"@type":"PropertyValueSpecification","valueRequired":true,"valueName":"search_term_string"}}],"inLanguage":"nb-NO"},{"@type":"Organization","@id":"https:\/\/sirva.dk\/en\/#organization","name":"https:\/\/sirva.dk\/","url":"https:\/\/sirva.dk\/en\/","logo":{"@type":"ImageObject","inLanguage":"nb-NO","@id":"https:\/\/sirva.dk\/en\/#\/schema\/logo\/image\/","url":"https:\/\/sirva.dk\/content\/2023\/10\/sirva-google-logo.jpg","contentUrl":"https:\/\/sirva.dk\/content\/2023\/10\/sirva-google-logo.jpg","width":200,"height":200,"caption":"https:\/\/sirva.dk\/"},"image":{"@id":"https:\/\/sirva.dk\/en\/#\/schema\/logo\/image\/"},"sameAs":["https:\/\/www.facebook.com\/SIRVAWorldwide\/","https:\/\/www.linkedin.com\/company\/sirva\/"]}]}},"_links":{"self":[{"href":"https:\/\/sirva.dk\/no\/wp-json\/wp\/v2\/pages\/526","targetHints":{"allow":["GET"]}}],"collection":[{"href":"https:\/\/sirva.dk\/no\/wp-json\/wp\/v2\/pages"}],"about":[{"href":"https:\/\/sirva.dk\/no\/wp-json\/wp\/v2\/types\/page"}],"author":[{"embeddable":true,"href":"https:\/\/sirva.dk\/no\/wp-json\/wp\/v2\/users\/11"}],"replies":[{"embeddable":true,"href":"https:\/\/sirva.dk\/no\/wp-json\/wp\/v2\/comments?post=526"}],"version-history":[{"count":93,"href":"https:\/\/sirva.dk\/no\/wp-json\/wp\/v2\/pages\/526\/revisions"}],"predecessor-version":[{"id":2205,"href":"https:\/\/sirva.dk\/no\/wp-json\/wp\/v2\/pages\/526\/revisions\/2205"}],"wp:attachment":[{"href":"https:\/\/sirva.dk\/no\/wp-json\/wp\/v2\/media?parent=526"}],"curies":[{"name":"wp","href":"https:\/\/api.w.org\/{rel}","templated":true}]}}